{"id":830,"date":"2025-04-25T12:48:40","date_gmt":"2025-04-25T15:48:40","guid":{"rendered":"http:\/\/web3.ciriontechnologies.com\/recursos\/"},"modified":"2025-10-03T12:34:47","modified_gmt":"2025-10-03T15:34:47","slug":"recursos","status":"publish","type":"page","link":"https:\/\/www.ciriontechnologies.com\/pt-br\/recursos\/","title":{"rendered":"Recursos"},"content":{"rendered":"\t\t<div data-elementor-type=\"wp-page\" data-elementor-id=\"830\" class=\"elementor elementor-830 elementor-807\" data-elementor-post-type=\"page\">\n\t\t\t\t<div class=\"elementor-aria-enhanced elementor-element elementor-element-341d15c4 e-con-full e-flex e-con e-parent\" data-id=\"341d15c4\" data-element_type=\"container\" data-e-type=\"container\" data-settings=\"{&quot;background_background&quot;:&quot;classic&quot;}\">\n\t\t\t\t<div class=\"elementor-aria-enhanced elementor-element elementor-element-358939e5 elementor-widget__width-initial elementor-widget elementor-widget-heading\" data-aria-manual=\"true\" data-widget-type=\"heading\" data-id=\"358939e5\" data-element_type=\"widget\" data-e-type=\"widget\" data-widget_type=\"heading.default\">\n\t\t\t\t\t<h1 class=\"elementor-heading-title elementor-size-default\">Recursos<\/h1>\t\t\t\t<\/div>\n\t\t\t\t<div class=\"elementor-aria-enhanced elementor-element elementor-element-3660b896 elementor-widget__width-initial elementor-widget elementor-widget-heading\" data-aria-manual=\"true\" data-widget-type=\"heading\" data-id=\"3660b896\" data-element_type=\"widget\" data-e-type=\"widget\" data-widget_type=\"heading.default\">\n\t\t\t\t\t<p class=\"elementor-heading-title elementor-size-default\">Saiba mais sobre n\u00f3s<\/p>\t\t\t\t<\/div>\n\t\t\t\t<\/div>\n\t\t<div class=\"elementor-aria-enhanced elementor-element elementor-element-440b590 e-flex e-con-boxed e-con e-parent\" data-id=\"440b590\" data-element_type=\"container\" data-e-type=\"container\">\n\t\t\t\t\t<div class=\"e-con-inner\">\n\t\t\t\t<div class=\"elementor-aria-enhanced elementor-element elementor-element-f5873ef elementor-widget__width-inherit elementor-widget elementor-widget-n-accordion\" data-id=\"f5873ef\" data-element_type=\"widget\" data-e-type=\"widget\" data-settings=\"{&quot;default_state&quot;:&quot;expanded&quot;,&quot;max_items_expended&quot;:&quot;one&quot;,&quot;n_accordion_animation_duration&quot;:{&quot;unit&quot;:&quot;ms&quot;,&quot;size&quot;:400,&quot;sizes&quot;:[]}}\" data-widget_type=\"nested-accordion.default\">\n\t\t\t\t\t\t\t<div class=\"e-n-accordion\" aria-label=\"Accordion. Open links with Enter or Space, close with Escape, and navigate with Arrow Keys\">\n\t\t\t\t\t\t<details id=\"e-n-accordion-item-2570\" class=\"e-n-accordion-item\" open>\n\t\t\t\t<summary class=\"e-n-accordion-item-title\" data-accordion-index=\"1\" tabindex=\"0\" aria-expanded=\"true\" aria-controls=\"e-n-accordion-item-2570\" >\n\t\t\t\t\t<span class='e-n-accordion-item-title-header'><div class=\"e-n-accordion-item-title-text\"> Trabalhe conosco <\/div><\/span>\n\t\t\t\t\t\t\t<span class='e-n-accordion-item-title-icon'>\n\t\t\t<span class='e-opened' ><svg aria-hidden=\"true\" class=\"e-font-icon-svg e-fas-chevron-up\" viewBox=\"0 0 448 512\" xmlns=\"http:\/\/www.w3.org\/2000\/svg\"><path d=\"M240.971 130.524l194.343 194.343c9.373 9.373 9.373 24.569 0 33.941l-22.667 22.667c-9.357 9.357-24.522 9.375-33.901.04L224 227.495 69.255 381.516c-9.379 9.335-24.544 9.317-33.901-.04l-22.667-22.667c-9.373-9.373-9.373-24.569 0-33.941L207.03 130.525c9.372-9.373 24.568-9.373 33.941-.001z\"><\/path><\/svg><\/span>\n\t\t\t<span class='e-closed'><svg aria-hidden=\"true\" class=\"e-font-icon-svg e-fas-chevron-down\" viewBox=\"0 0 448 512\" xmlns=\"http:\/\/www.w3.org\/2000\/svg\"><path d=\"M207.029 381.476L12.686 187.132c-9.373-9.373-9.373-24.569 0-33.941l22.667-22.667c9.357-9.357 24.522-9.375 33.901-.04L224 284.505l154.745-154.021c9.379-9.335 24.544-9.317 33.901.04l22.667 22.667c9.373 9.373 9.373 24.569 0 33.941L240.971 381.476c-9.373 9.372-24.569 9.372-33.942 0z\"><\/path><\/svg><\/span>\n\t\t<\/span>\n\n\t\t\t\t\t\t<\/summary>\n\t\t\t\t<div class=\"elementor-aria-enhanced elementor-element elementor-element-0c4ae97 e-con-full e-flex e-con e-child\" role=\"region\" aria-labelledby=\"e-n-accordion-item-2570\" data-id=\"0c4ae97\" data-element_type=\"container\" data-e-type=\"container\">\n\t\t\t\t<div class=\"elementor-aria-enhanced elementor-element elementor-element-f894ab8 elementor-widget elementor-widget-text-editor\" data-id=\"f894ab8\" data-element_type=\"widget\" data-e-type=\"widget\" data-widget_type=\"text-editor.default\">\n\t\t\t\t\t\t\t\t\t<p>Se voc\u00ea deseja fazer parte de nossa equipe de profissionais, saiba mais sobre n\u00f3s nesse <a href=\"http:\/\/web3.ciriontechnologies.com\/es\/recursos\/trabaja-con-nosotros\/\">link<\/a>.<\/p>\n\t\t\t\t\t\t\t\t<\/div>\n\t\t\t\t<\/div>\n\t\t\t\t\t<\/details>\n\t\t\t\t\t\t<details id=\"e-n-accordion-item-2571\" class=\"e-n-accordion-item\" >\n\t\t\t\t<summary class=\"e-n-accordion-item-title\" data-accordion-index=\"2\" tabindex=\"-1\" aria-expanded=\"false\" aria-controls=\"e-n-accordion-item-2571\" >\n\t\t\t\t\t<span class='e-n-accordion-item-title-header'><div class=\"e-n-accordion-item-title-text\"> Aspectos legais <\/div><\/span>\n\t\t\t\t\t\t\t<span class='e-n-accordion-item-title-icon'>\n\t\t\t<span class='e-opened' ><svg aria-hidden=\"true\" class=\"e-font-icon-svg e-fas-chevron-up\" viewBox=\"0 0 448 512\" xmlns=\"http:\/\/www.w3.org\/2000\/svg\"><path d=\"M240.971 130.524l194.343 194.343c9.373 9.373 9.373 24.569 0 33.941l-22.667 22.667c-9.357 9.357-24.522 9.375-33.901.04L224 227.495 69.255 381.516c-9.379 9.335-24.544 9.317-33.901-.04l-22.667-22.667c-9.373-9.373-9.373-24.569 0-33.941L207.03 130.525c9.372-9.373 24.568-9.373 33.941-.001z\"><\/path><\/svg><\/span>\n\t\t\t<span class='e-closed'><svg aria-hidden=\"true\" class=\"e-font-icon-svg e-fas-chevron-down\" viewBox=\"0 0 448 512\" xmlns=\"http:\/\/www.w3.org\/2000\/svg\"><path d=\"M207.029 381.476L12.686 187.132c-9.373-9.373-9.373-24.569 0-33.941l22.667-22.667c9.357-9.357 24.522-9.375 33.901-.04L224 284.505l154.745-154.021c9.379-9.335 24.544-9.317 33.901.04l22.667 22.667c9.373 9.373 9.373 24.569 0 33.941L240.971 381.476c-9.373 9.372-24.569 9.372-33.942 0z\"><\/path><\/svg><\/span>\n\t\t<\/span>\n\n\t\t\t\t\t\t<\/summary>\n\t\t\t\t<div class=\"elementor-aria-enhanced elementor-element elementor-element-588b114 e-con-full e-flex e-con e-child\" role=\"region\" aria-labelledby=\"e-n-accordion-item-2571\" data-id=\"588b114\" data-element_type=\"container\" data-e-type=\"container\">\n\t\t\t\t<div class=\"elementor-aria-enhanced elementor-element elementor-element-72e2769 elementor-widget elementor-widget-text-editor\" data-id=\"72e2769\" data-element_type=\"widget\" data-e-type=\"widget\" data-widget_type=\"text-editor.default\">\n\t\t\t\t\t\t\t\t\t<p>N\u00f3s da Cirion seguimos rigorosamente o contexto regulat\u00f3rio de cada mercado com os quais acompanhamos os nossos clientes. Saiba mais aqui.<\/p>\n<p><a href=\"http:\/\/web3.ciriontechnologies.com\/es\/aviso-de-privacidad\/\"><strong>Privacidade<\/strong><\/a><\/p>\n<p><strong><a href=\"http:\/\/web3.ciriontechnologies.com\/es\/recursos\/legal\/terminos-y-condiciones-de-uso\/\">Conformidade regulat\u00f3ria<\/a><\/strong><\/p>\n<p><strong><a href=\"http:\/\/web3.ciriontechnologies.com\/es\/recursos\/legal\/\">Aspectos jur\u00eddicos<\/a><\/strong><\/p>\n\t\t\t\t\t\t\t\t<\/div>\n\t\t\t\t<\/div>\n\t\t\t\t\t<\/details>\n\t\t\t\t\t\t<details id=\"e-n-accordion-item-2572\" class=\"e-n-accordion-item\" >\n\t\t\t\t<summary class=\"e-n-accordion-item-title\" data-accordion-index=\"3\" tabindex=\"-1\" aria-expanded=\"false\" aria-controls=\"e-n-accordion-item-2572\" >\n\t\t\t\t\t<span class='e-n-accordion-item-title-header'><div class=\"e-n-accordion-item-title-text\"> Casos de Sucesso <\/div><\/span>\n\t\t\t\t\t\t\t<span class='e-n-accordion-item-title-icon'>\n\t\t\t<span class='e-opened' ><svg aria-hidden=\"true\" class=\"e-font-icon-svg e-fas-chevron-up\" viewBox=\"0 0 448 512\" xmlns=\"http:\/\/www.w3.org\/2000\/svg\"><path d=\"M240.971 130.524l194.343 194.343c9.373 9.373 9.373 24.569 0 33.941l-22.667 22.667c-9.357 9.357-24.522 9.375-33.901.04L224 227.495 69.255 381.516c-9.379 9.335-24.544 9.317-33.901-.04l-22.667-22.667c-9.373-9.373-9.373-24.569 0-33.941L207.03 130.525c9.372-9.373 24.568-9.373 33.941-.001z\"><\/path><\/svg><\/span>\n\t\t\t<span class='e-closed'><svg aria-hidden=\"true\" class=\"e-font-icon-svg e-fas-chevron-down\" viewBox=\"0 0 448 512\" xmlns=\"http:\/\/www.w3.org\/2000\/svg\"><path d=\"M207.029 381.476L12.686 187.132c-9.373-9.373-9.373-24.569 0-33.941l22.667-22.667c9.357-9.357 24.522-9.375 33.901-.04L224 284.505l154.745-154.021c9.379-9.335 24.544-9.317 33.901.04l22.667 22.667c9.373 9.373 9.373 24.569 0 33.941L240.971 381.476c-9.373 9.372-24.569 9.372-33.942 0z\"><\/path><\/svg><\/span>\n\t\t<\/span>\n\n\t\t\t\t\t\t<\/summary>\n\t\t\t\t<div class=\"elementor-aria-enhanced elementor-element elementor-element-b68b8fc e-con-full e-flex e-con e-child\" role=\"region\" aria-labelledby=\"e-n-accordion-item-2572\" data-id=\"b68b8fc\" data-element_type=\"container\" data-e-type=\"container\">\n\t\t\t\t<div class=\"elementor-aria-enhanced elementor-element elementor-element-1984845 elementor-widget elementor-widget-text-editor\" data-id=\"1984845\" data-element_type=\"widget\" data-e-type=\"widget\" data-widget_type=\"text-editor.default\">\n\t\t\t\t\t\t\t\t\t<p>Mais de 5.500 clientes j\u00e1 nos escolheram para desenvolver e promover o seu pr\u00f3prio progresso no caminho da transforma\u00e7\u00e3o digital.<\/p>\n<p><strong>Satisfa\u00e7\u00e3o garantida<\/strong><\/p>\n<p>Conhe\u00e7a os casos <a href=\"http:\/\/web3.ciriontechnologies.com\/es\/recursos\/casos-de-exito\/\">aqui<\/a>.<br \/>.<\/p>\n\t\t\t\t\t\t\t\t<\/div>\n\t\t\t\t<\/div>\n\t\t\t\t\t<\/details>\n\t\t\t\t\t<\/div>\n\t\t\t\t\t\t<\/div>\n\t\t\t\t\t<\/div>\n\t\t\t\t<\/div>\n\t\t\t\t<\/div>\n\t\t","protected":false},"excerpt":{"rendered":"<p>Saiba mais sobre n\u00f3s<\/p>\n","protected":false},"author":3,"featured_media":1204,"parent":0,"menu_order":0,"comment_status":"closed","ping_status":"closed","template":"elementor_header_footer","meta":{"_acf_changed":false,"_sitemap_exclude":false,"_sitemap_priority":"","_sitemap_frequency":"","footnotes":""},"class_list":["post-830","page","type-page","status-publish","has-post-thumbnail","hentry"],"acf":[],"yoast_head":"<!-- This site is optimized with the Yoast SEO Premium plugin v25.4 (Yoast SEO v27.1.1) - https:\/\/yoast.com\/product\/yoast-seo-premium-wordpress\/ -->\n<title>Recursos | Cirion Technologies<\/title>\n<meta name=\"description\" content=\"Acesse todos os recursos da Cirion em um s\u00f3 lugar. Encontre nosso Blog, guias t\u00e9cnicas, Sala de Imprensa e seu Portal de Clientes.\" \/>\n<meta name=\"robots\" content=\"index, follow, max-snippet:-1, max-image-preview:large, max-video-preview:-1\" \/>\n<link rel=\"canonical\" href=\"https:\/\/www.ciriontechnologies.com\/pt-br\/recursos\/\" \/>\n<meta property=\"og:locale\" content=\"pt_BR\" \/>\n<meta property=\"og:type\" content=\"article\" \/>\n<meta property=\"og:title\" content=\"Recursos\" \/>\n<meta property=\"og:description\" content=\"Acesse todos os recursos da Cirion em um s\u00f3 lugar. Encontre nosso Blog, guias t\u00e9cnicas, Sala de Imprensa e seu Portal de Clientes.\" \/>\n<meta property=\"og:url\" content=\"https:\/\/www.ciriontechnologies.com\/pt-br\/recursos\/\" \/>\n<meta property=\"og:site_name\" content=\"Cirion Technologies\" \/>\n<meta property=\"article:modified_time\" content=\"2025-10-03T15:34:47+00:00\" \/>\n<meta property=\"og:image\" content=\"https:\/\/www.ciriontechnologies.com\/wp-content\/uploads\/2025\/05\/recursos-dispositivos-1440x400-desktop.webp\" \/>\n\t<meta property=\"og:image:width\" content=\"1440\" \/>\n\t<meta property=\"og:image:height\" content=\"400\" \/>\n\t<meta property=\"og:image:type\" content=\"image\/webp\" \/>\n<meta name=\"twitter:card\" content=\"summary_large_image\" \/>\n<meta name=\"twitter:label1\" content=\"Est. tempo de leitura\" \/>\n\t<meta name=\"twitter:data1\" content=\"1 minuto\" \/>\n<script type=\"application\/ld+json\" class=\"yoast-schema-graph\">{\"@context\":\"https:\/\/schema.org\",\"@graph\":[{\"@type\":\"WebPage\",\"@id\":\"https:\/\/www.ciriontechnologies.com\/pt-br\/recursos\/\",\"url\":\"https:\/\/www.ciriontechnologies.com\/pt-br\/recursos\/\",\"name\":\"Recursos | Cirion Technologies\",\"isPartOf\":{\"@id\":\"https:\/\/www.ciriontechnologies.com\/pt-br\/#website\"},\"primaryImageOfPage\":{\"@id\":\"https:\/\/www.ciriontechnologies.com\/pt-br\/recursos\/#primaryimage\"},\"image\":{\"@id\":\"https:\/\/www.ciriontechnologies.com\/pt-br\/recursos\/#primaryimage\"},\"thumbnailUrl\":\"https:\/\/www.ciriontechnologies.com\/wp-content\/uploads\/2025\/05\/recursos-dispositivos-1440x400-desktop.webp\",\"datePublished\":\"2025-04-25T15:48:40+00:00\",\"dateModified\":\"2025-10-03T15:34:47+00:00\",\"description\":\"Acesse todos os recursos da Cirion em um s\u00f3 lugar. Encontre nosso Blog, guias t\u00e9cnicas, Sala de Imprensa e seu Portal de Clientes.\",\"breadcrumb\":{\"@id\":\"https:\/\/www.ciriontechnologies.com\/pt-br\/recursos\/#breadcrumb\"},\"inLanguage\":\"pt-BR\",\"potentialAction\":[{\"@type\":\"ReadAction\",\"target\":[\"https:\/\/www.ciriontechnologies.com\/pt-br\/recursos\/\"]}]},{\"@type\":\"ImageObject\",\"inLanguage\":\"pt-BR\",\"@id\":\"https:\/\/www.ciriontechnologies.com\/pt-br\/recursos\/#primaryimage\",\"url\":\"https:\/\/www.ciriontechnologies.com\/wp-content\/uploads\/2025\/05\/recursos-dispositivos-1440x400-desktop.webp\",\"contentUrl\":\"https:\/\/www.ciriontechnologies.com\/wp-content\/uploads\/2025\/05\/recursos-dispositivos-1440x400-desktop.webp\",\"width\":1440,\"height\":400},{\"@type\":\"BreadcrumbList\",\"@id\":\"https:\/\/www.ciriontechnologies.com\/pt-br\/recursos\/#breadcrumb\",\"itemListElement\":[{\"@type\":\"ListItem\",\"position\":1,\"name\":\"Inicio\",\"item\":\"https:\/\/www.ciriontechnologies.com\/pt-br\/\"},{\"@type\":\"ListItem\",\"position\":2,\"name\":\"Recursos\"}]},{\"@type\":\"WebSite\",\"@id\":\"https:\/\/www.ciriontechnologies.com\/pt-br\/#website\",\"url\":\"https:\/\/www.ciriontechnologies.com\/pt-br\/\",\"name\":\"Cirion Technologies\",\"description\":\"Inspira el futuro\",\"publisher\":{\"@id\":\"https:\/\/www.ciriontechnologies.com\/pt-br\/#organization\"},\"potentialAction\":[{\"@type\":\"SearchAction\",\"target\":{\"@type\":\"EntryPoint\",\"urlTemplate\":\"https:\/\/www.ciriontechnologies.com\/pt-br\/?s={search_term_string}\"},\"query-input\":{\"@type\":\"PropertyValueSpecification\",\"valueRequired\":true,\"valueName\":\"search_term_string\"}}],\"inLanguage\":\"pt-BR\"},{\"@type\":\"Organization\",\"@id\":\"https:\/\/www.ciriontechnologies.com\/pt-br\/#organization\",\"name\":\"Cirion\",\"alternateName\":\"Cirion\",\"url\":\"https:\/\/www.ciriontechnologies.com\/pt-br\/\",\"logo\":{\"@type\":\"ImageObject\",\"inLanguage\":\"pt-BR\",\"@id\":\"https:\/\/www.ciriontechnologies.com\/pt-br\/#\/schema\/logo\/image\/\",\"url\":\"https:\/\/www.ciriontechnologies.com\/wp-content\/uploads\/2025\/04\/cirion_logo.svg\",\"contentUrl\":\"https:\/\/www.ciriontechnologies.com\/wp-content\/uploads\/2025\/04\/cirion_logo.svg\",\"width\":256,\"height\":90,\"caption\":\"Cirion\"},\"image\":{\"@id\":\"https:\/\/www.ciriontechnologies.com\/pt-br\/#\/schema\/logo\/image\/\"}}]}<\/script>\n<!-- \/ Yoast SEO Premium plugin. -->","yoast_head_json":{"title":"Recursos | Cirion Technologies","description":"Acesse todos os recursos da Cirion em um s\u00f3 lugar. Encontre nosso Blog, guias t\u00e9cnicas, Sala de Imprensa e seu Portal de Clientes.","robots":{"index":"index","follow":"follow","max-snippet":"max-snippet:-1","max-image-preview":"max-image-preview:large","max-video-preview":"max-video-preview:-1"},"canonical":"https:\/\/www.ciriontechnologies.com\/pt-br\/recursos\/","og_locale":"pt_BR","og_type":"article","og_title":"Recursos","og_description":"Acesse todos os recursos da Cirion em um s\u00f3 lugar. Encontre nosso Blog, guias t\u00e9cnicas, Sala de Imprensa e seu Portal de Clientes.","og_url":"https:\/\/www.ciriontechnologies.com\/pt-br\/recursos\/","og_site_name":"Cirion Technologies","article_modified_time":"2025-10-03T15:34:47+00:00","og_image":[{"width":1440,"height":400,"url":"https:\/\/www.ciriontechnologies.com\/wp-content\/uploads\/2025\/05\/recursos-dispositivos-1440x400-desktop.webp","type":"image\/webp"}],"twitter_card":"summary_large_image","twitter_misc":{"Est. tempo de leitura":"1 minuto"},"schema":{"@context":"https:\/\/schema.org","@graph":[{"@type":"WebPage","@id":"https:\/\/www.ciriontechnologies.com\/pt-br\/recursos\/","url":"https:\/\/www.ciriontechnologies.com\/pt-br\/recursos\/","name":"Recursos | Cirion Technologies","isPartOf":{"@id":"https:\/\/www.ciriontechnologies.com\/pt-br\/#website"},"primaryImageOfPage":{"@id":"https:\/\/www.ciriontechnologies.com\/pt-br\/recursos\/#primaryimage"},"image":{"@id":"https:\/\/www.ciriontechnologies.com\/pt-br\/recursos\/#primaryimage"},"thumbnailUrl":"https:\/\/www.ciriontechnologies.com\/wp-content\/uploads\/2025\/05\/recursos-dispositivos-1440x400-desktop.webp","datePublished":"2025-04-25T15:48:40+00:00","dateModified":"2025-10-03T15:34:47+00:00","description":"Acesse todos os recursos da Cirion em um s\u00f3 lugar. Encontre nosso Blog, guias t\u00e9cnicas, Sala de Imprensa e seu Portal de Clientes.","breadcrumb":{"@id":"https:\/\/www.ciriontechnologies.com\/pt-br\/recursos\/#breadcrumb"},"inLanguage":"pt-BR","potentialAction":[{"@type":"ReadAction","target":["https:\/\/www.ciriontechnologies.com\/pt-br\/recursos\/"]}]},{"@type":"ImageObject","inLanguage":"pt-BR","@id":"https:\/\/www.ciriontechnologies.com\/pt-br\/recursos\/#primaryimage","url":"https:\/\/www.ciriontechnologies.com\/wp-content\/uploads\/2025\/05\/recursos-dispositivos-1440x400-desktop.webp","contentUrl":"https:\/\/www.ciriontechnologies.com\/wp-content\/uploads\/2025\/05\/recursos-dispositivos-1440x400-desktop.webp","width":1440,"height":400},{"@type":"BreadcrumbList","@id":"https:\/\/www.ciriontechnologies.com\/pt-br\/recursos\/#breadcrumb","itemListElement":[{"@type":"ListItem","position":1,"name":"Inicio","item":"https:\/\/www.ciriontechnologies.com\/pt-br\/"},{"@type":"ListItem","position":2,"name":"Recursos"}]},{"@type":"WebSite","@id":"https:\/\/www.ciriontechnologies.com\/pt-br\/#website","url":"https:\/\/www.ciriontechnologies.com\/pt-br\/","name":"Cirion Technologies","description":"Inspira el futuro","publisher":{"@id":"https:\/\/www.ciriontechnologies.com\/pt-br\/#organization"},"potentialAction":[{"@type":"SearchAction","target":{"@type":"EntryPoint","urlTemplate":"https:\/\/www.ciriontechnologies.com\/pt-br\/?s={search_term_string}"},"query-input":{"@type":"PropertyValueSpecification","valueRequired":true,"valueName":"search_term_string"}}],"inLanguage":"pt-BR"},{"@type":"Organization","@id":"https:\/\/www.ciriontechnologies.com\/pt-br\/#organization","name":"Cirion","alternateName":"Cirion","url":"https:\/\/www.ciriontechnologies.com\/pt-br\/","logo":{"@type":"ImageObject","inLanguage":"pt-BR","@id":"https:\/\/www.ciriontechnologies.com\/pt-br\/#\/schema\/logo\/image\/","url":"https:\/\/www.ciriontechnologies.com\/wp-content\/uploads\/2025\/04\/cirion_logo.svg","contentUrl":"https:\/\/www.ciriontechnologies.com\/wp-content\/uploads\/2025\/04\/cirion_logo.svg","width":256,"height":90,"caption":"Cirion"},"image":{"@id":"https:\/\/www.ciriontechnologies.com\/pt-br\/#\/schema\/logo\/image\/"}}]}},"_links":{"self":[{"href":"https:\/\/www.ciriontechnologies.com\/pt-br\/wp-json\/wp\/v2\/pages\/830","targetHints":{"allow":["GET"]}}],"collection":[{"href":"https:\/\/www.ciriontechnologies.com\/pt-br\/wp-json\/wp\/v2\/pages"}],"about":[{"href":"https:\/\/www.ciriontechnologies.com\/pt-br\/wp-json\/wp\/v2\/types\/page"}],"author":[{"embeddable":true,"href":"https:\/\/www.ciriontechnologies.com\/pt-br\/wp-json\/wp\/v2\/users\/3"}],"replies":[{"embeddable":true,"href":"https:\/\/www.ciriontechnologies.com\/pt-br\/wp-json\/wp\/v2\/comments?post=830"}],"version-history":[{"count":0,"href":"https:\/\/www.ciriontechnologies.com\/pt-br\/wp-json\/wp\/v2\/pages\/830\/revisions"}],"wp:featuredmedia":[{"embeddable":true,"href":"https:\/\/www.ciriontechnologies.com\/pt-br\/wp-json\/wp\/v2\/media\/1204"}],"wp:attachment":[{"href":"https:\/\/www.ciriontechnologies.com\/pt-br\/wp-json\/wp\/v2\/media?parent=830"}],"curies":[{"name":"wp","href":"https:\/\/api.w.org\/{rel}","templated":true}]}}