{"id":1119,"date":"2025-04-29T11:16:51","date_gmt":"2025-04-29T14:16:51","guid":{"rendered":"http:\/\/web3.ciriontechnologies.com\/condicoes-termos-uso\/"},"modified":"2026-03-11T15:35:45","modified_gmt":"2026-03-11T18:35:45","slug":"condicoes-termos-uso","status":"publish","type":"page","link":"https:\/\/www.ciriontechnologies.com\/pt-br\/recursos\/legal\/condicoes-termos-uso\/","title":{"rendered":"Condi\u00e7\u00f5es Legais e Termos de Uso"},"content":{"rendered":"\t\t<div data-elementor-type=\"wp-page\" data-elementor-id=\"1119\" class=\"elementor elementor-1119 elementor-1111\" data-elementor-post-type=\"page\">\n\t\t\t\t<div class=\"elementor-aria-enhanced elementor-element elementor-element-81032f0 e-flex e-con-boxed e-con e-parent\" data-id=\"81032f0\" data-element_type=\"container\" data-e-type=\"container\">\n\t\t\t\t\t<div class=\"e-con-inner\">\n\t\t\t\t<div class=\"elementor-aria-enhanced elementor-element elementor-element-a5774ab elementor-widget__width-inherit elementor-widget elementor-widget-heading\" data-aria-manual=\"true\" data-widget-type=\"heading\" data-id=\"a5774ab\" data-element_type=\"widget\" data-e-type=\"widget\" data-widget_type=\"heading.default\">\n\t\t\t\t\t<h1 class=\"elementor-heading-title elementor-size-default\">Condi\u00e7\u00f5es Legais e Termos de Uso<\/h1>\t\t\t\t<\/div>\n\t\t\t\t<div class=\"elementor-aria-enhanced elementor-element elementor-element-3846ff6 elementor-widget__width-inherit elementor-widget elementor-widget-text-editor\" data-id=\"3846ff6\" data-element_type=\"widget\" data-e-type=\"widget\" data-widget_type=\"text-editor.default\">\n\t\t\t\t\t\t\t\t\t<p><strong>Direitos de Propriedade Intelectual<\/strong><\/p>\n<p>Os produtos, tecnologia e\/ou processos descritos neste website podem ser objeto de direitos de propriedade intelectual reservados pela Cirion ou terceiros. Nada contido aqui deve ser interpretado como conferindo a voc\u00ea de forma alguma, seja por implica\u00e7\u00e3o, preclus\u00e3o ou de outra forma, qualquer licen\u00e7a, t\u00edtulo ou propriedade de, ou para, qualquer direito de propriedade intelectual da Cirion ou de terceiros.<\/p>\n<p><strong>Informa\u00e7\u00e3o sobre Marca Comercial\/de Servi\u00e7o<\/strong><\/p>\n<p>A Empresa apresentou os pedidos apropriados para obter o logotipo como sua marca registrada nos Estados Unidos e\/ou em outros pa\u00edses. Uma vez aprovadas, estas marcas\/logos poder\u00e3o ser usadas publicamente apenas com permiss\u00e3o pr\u00e9via da Cirion. O uso justo das marcas\/logos da Cirion em publicidade e promo\u00e7\u00e3o de servi\u00e7os da Cirion requer o devido reconhecimento. Todas as outras marcas comerciais e de servi\u00e7os mencionadas neste website s\u00e3o de propriedade de seus respectivos propriet\u00e1rios.<\/p>\n<p><strong>Atualiza\u00e7\u00f5es<\/strong><\/p>\n<p>Os Materiais publicados neste Website podem conter imprecis\u00f5es ou erros tipogr\u00e1ficos. Altera\u00e7\u00f5es \u2013 incluindo, mas n\u00e3o limitadas a pre\u00e7os cotados \u2013 podem ser feitas periodicamente aos materiais. A Cirion tamb\u00e9m pode efetuar melhorias e\/ou altera\u00e7\u00f5es nos produtos e servi\u00e7os e\/ou nos programas descritos nos materiais a qualquer momento, sem aviso pr\u00e9vio. A Cirion ter\u00e1 o direito de revisar estes Termos a qualquer momento, atualizando esta publica\u00e7\u00e3o. Ao se conectar, acessar, navegar e\/ou utilizar este Website, voc\u00ea concorda estar vinculado por quaisquer tais revis\u00f5es e deve, portanto, visitar periodicamente este Website para determinar os Termos vigentes a que est\u00e1 vinculado.<\/p>\n<p><strong>Divulgaci\u00f3n: Declaraciones prospectivas<\/strong><\/p>\n<p>Alguns dos materiais podem conter proje\u00e7\u00f5es ou outras declara\u00e7\u00f5es prospectivas relativas a eventos futuros ou ao futuro financeiro ou desempenho t\u00e9cnico da Cirion. Queremos alert\u00e1-lo de que essas declara\u00e7\u00f5es s\u00e3o apenas previs\u00f5es e que os eventos ou resultados reais podem diferir materialmente.<\/p>\n<p>Embora tais proje\u00e7\u00f5es e outras declara\u00e7\u00f5es prospectivas sejam precisas no momento em que s\u00e3o disponibilizadas, tais informa\u00e7\u00f5es s\u00e3o fornecidas apenas para fins informativos e s\u00e3o fornecidas \u201ccomo est\u00e3o\u201d, sem garantias de qualquer tipo. A Cirion n\u00e3o faz representa\u00e7\u00f5es e se isenta de todas as garantias expressas, impl\u00edcitas e estatut\u00e1rias de qualquer tipo para o usu\u00e1rio e\/ou qualquer terceiro, incluindo garantias de precis\u00e3o, pontualidade, integridade, comercializa\u00e7\u00e3o ou adequa\u00e7\u00e3o a qualquer prop\u00f3sito. A Cirion n\u00e3o \u00e9 obrigada a atualizar ou garantir a precis\u00e3o de proje\u00e7\u00f5es e declara\u00e7\u00f5es prospectivas publicadas no Website. A Cirion n\u00e3o ser\u00e1 respons\u00e1vel por qualquer erro ou atraso na entrega de tais informa\u00e7\u00f5es fornecidas atrav\u00e9s do Website ou por quaisquer a\u00e7\u00f5es tomadas como consequ\u00eancia disso.<\/p>\n<p><strong>Pol\u00edtica de Uso Aceit\u00e1vel e Pol\u00edtica de Privacidade<\/strong><\/p>\n<p>Seu uso deste portal e de qualquer servi\u00e7o da Cirion deve estar em conformidade com a Pol\u00edtica de Uso Aceit\u00e1vel e Aviso de Privacidade da Cirion, cuja c\u00f3pia est\u00e1 dispon\u00edvel atrav\u00e9s do website da Cirion em <a href=\"https:\/\/www.ciriontechnologies.com\/\">www.ciriontechnologies.com<\/a>. A Cirion ir\u00e1 notific\u00e1-lo sobre as reclama\u00e7\u00f5es recebidas pela Cirion referentes a cada incidente de viola\u00e7\u00e3o alegada da Pol\u00edtica de Uso da Cirion por voc\u00ea ou por quaisquer terceiros que tenham obtido acesso a este portal ou a qualquer servi\u00e7o da Cirion atrav\u00e9s de voc\u00ea. Voc\u00ea concorda em investigar imediatamente todas tais reclama\u00e7\u00f5es e tomar todas as medidas necess\u00e1rias para remediar quaisquer viola\u00e7\u00f5es reais da Pol\u00edtica de Uso Aceit\u00e1vel da Cirion.<\/p>\n\t\t\t\t\t\t\t\t<\/div>\n\t\t\t\t\t<\/div>\n\t\t\t\t<\/div>\n\t\t\t\t<\/div>\n\t\t","protected":false},"excerpt":{"rendered":"<p>Condi\u00e7\u00f5es Legais e Termos de Uso Direitos de Propriedade Intelectual Os produtos, tecnologia e\/ou processos descritos neste website podem ser objeto de direitos de propriedade intelectual reservados pela Cirion ou terceiros. Nada contido aqui deve ser interpretado como conferindo a voc\u00ea de forma alguma, seja por implica\u00e7\u00e3o, preclus\u00e3o ou de outra forma, qualquer licen\u00e7a, t\u00edtulo [&hellip;]<\/p>\n","protected":false},"author":6,"featured_media":0,"parent":2415,"menu_order":0,"comment_status":"closed","ping_status":"closed","template":"elementor_header_footer","meta":{"_acf_changed":false,"_sitemap_exclude":false,"_sitemap_priority":"","_sitemap_frequency":"","footnotes":""},"class_list":["post-1119","page","type-page","status-publish","hentry"],"acf":[],"yoast_head":"<!-- This site is optimized with the Yoast SEO Premium plugin v25.4 (Yoast SEO v27.1.1) - https:\/\/yoast.com\/product\/yoast-seo-premium-wordpress\/ -->\n<title>Condi\u00e7\u00f5es Legais e Termos de Uso - Cirion Technologies<\/title>\n<meta name=\"description\" content=\"Revise as Condi\u00e7\u00f5es Legais e Termos de Uso da Cirion. Informa\u00e7\u00e3o chave sobre Direitos de Propriedade Intelectual e processos descritos no nosso site.\" \/>\n<meta name=\"robots\" content=\"index, follow, max-snippet:-1, max-image-preview:large, max-video-preview:-1\" \/>\n<link rel=\"canonical\" href=\"https:\/\/www.ciriontechnologies.com\/pt-br\/recursos\/legal\/condicoes-termos-uso\/\" \/>\n<meta property=\"og:locale\" content=\"pt_BR\" \/>\n<meta property=\"og:type\" content=\"article\" \/>\n<meta property=\"og:title\" content=\"Condi\u00e7\u00f5es Legais e Termos de Uso\" \/>\n<meta property=\"og:description\" content=\"Revise as Condi\u00e7\u00f5es Legais e Termos de Uso da Cirion. Informa\u00e7\u00e3o chave sobre Direitos de Propriedade Intelectual e processos descritos no nosso site.\" \/>\n<meta property=\"og:url\" content=\"https:\/\/www.ciriontechnologies.com\/pt-br\/recursos\/legal\/condicoes-termos-uso\/\" \/>\n<meta property=\"og:site_name\" content=\"Cirion Technologies\" \/>\n<meta property=\"article:modified_time\" content=\"2026-03-11T18:35:45+00:00\" \/>\n<meta name=\"twitter:card\" content=\"summary_large_image\" \/>\n<meta name=\"twitter:label1\" content=\"Est. tempo de leitura\" \/>\n\t<meta name=\"twitter:data1\" content=\"3 minutos\" \/>\n<script type=\"application\/ld+json\" class=\"yoast-schema-graph\">{\"@context\":\"https:\/\/schema.org\",\"@graph\":[{\"@type\":\"WebPage\",\"@id\":\"https:\/\/www.ciriontechnologies.com\/pt-br\/recursos\/legal\/condicoes-termos-uso\/\",\"url\":\"https:\/\/www.ciriontechnologies.com\/pt-br\/recursos\/legal\/condicoes-termos-uso\/\",\"name\":\"Condi\u00e7\u00f5es Legais e Termos de Uso - Cirion Technologies\",\"isPartOf\":{\"@id\":\"https:\/\/www.ciriontechnologies.com\/pt-br\/#website\"},\"datePublished\":\"2025-04-29T14:16:51+00:00\",\"dateModified\":\"2026-03-11T18:35:45+00:00\",\"description\":\"Revise as Condi\u00e7\u00f5es Legais e Termos de Uso da Cirion. Informa\u00e7\u00e3o chave sobre Direitos de Propriedade Intelectual e processos descritos no nosso site.\",\"breadcrumb\":{\"@id\":\"https:\/\/www.ciriontechnologies.com\/pt-br\/recursos\/legal\/condicoes-termos-uso\/#breadcrumb\"},\"inLanguage\":\"pt-BR\",\"potentialAction\":[{\"@type\":\"ReadAction\",\"target\":[\"https:\/\/www.ciriontechnologies.com\/pt-br\/recursos\/legal\/condicoes-termos-uso\/\"]}]},{\"@type\":\"BreadcrumbList\",\"@id\":\"https:\/\/www.ciriontechnologies.com\/pt-br\/recursos\/legal\/condicoes-termos-uso\/#breadcrumb\",\"itemListElement\":[{\"@type\":\"ListItem\",\"position\":1,\"name\":\"Inicio\",\"item\":\"https:\/\/www.ciriontechnologies.com\/pt-br\/\"},{\"@type\":\"ListItem\",\"position\":2,\"name\":\"Recursos\",\"item\":\"https:\/\/www.ciriontechnologies.com\/pt-br\/recursos\/\"},{\"@type\":\"ListItem\",\"position\":3,\"name\":\"Legal\",\"item\":\"https:\/\/www.ciriontechnologies.com\/pt-br\/recursos\/legal\/\"},{\"@type\":\"ListItem\",\"position\":4,\"name\":\"Condi\u00e7\u00f5es Legais e Termos de Uso\"}]},{\"@type\":\"WebSite\",\"@id\":\"https:\/\/www.ciriontechnologies.com\/pt-br\/#website\",\"url\":\"https:\/\/www.ciriontechnologies.com\/pt-br\/\",\"name\":\"Cirion Technologies\",\"description\":\"Inspira el futuro\",\"publisher\":{\"@id\":\"https:\/\/www.ciriontechnologies.com\/pt-br\/#organization\"},\"potentialAction\":[{\"@type\":\"SearchAction\",\"target\":{\"@type\":\"EntryPoint\",\"urlTemplate\":\"https:\/\/www.ciriontechnologies.com\/pt-br\/?s={search_term_string}\"},\"query-input\":{\"@type\":\"PropertyValueSpecification\",\"valueRequired\":true,\"valueName\":\"search_term_string\"}}],\"inLanguage\":\"pt-BR\"},{\"@type\":\"Organization\",\"@id\":\"https:\/\/www.ciriontechnologies.com\/pt-br\/#organization\",\"name\":\"Cirion\",\"alternateName\":\"Cirion\",\"url\":\"https:\/\/www.ciriontechnologies.com\/pt-br\/\",\"logo\":{\"@type\":\"ImageObject\",\"inLanguage\":\"pt-BR\",\"@id\":\"https:\/\/www.ciriontechnologies.com\/pt-br\/#\/schema\/logo\/image\/\",\"url\":\"https:\/\/www.ciriontechnologies.com\/wp-content\/uploads\/2025\/04\/cirion_logo.svg\",\"contentUrl\":\"https:\/\/www.ciriontechnologies.com\/wp-content\/uploads\/2025\/04\/cirion_logo.svg\",\"width\":256,\"height\":90,\"caption\":\"Cirion\"},\"image\":{\"@id\":\"https:\/\/www.ciriontechnologies.com\/pt-br\/#\/schema\/logo\/image\/\"}}]}<\/script>\n<!-- \/ Yoast SEO Premium plugin. -->","yoast_head_json":{"title":"Condi\u00e7\u00f5es Legais e Termos de Uso - Cirion Technologies","description":"Revise as Condi\u00e7\u00f5es Legais e Termos de Uso da Cirion. Informa\u00e7\u00e3o chave sobre Direitos de Propriedade Intelectual e processos descritos no nosso site.","robots":{"index":"index","follow":"follow","max-snippet":"max-snippet:-1","max-image-preview":"max-image-preview:large","max-video-preview":"max-video-preview:-1"},"canonical":"https:\/\/www.ciriontechnologies.com\/pt-br\/recursos\/legal\/condicoes-termos-uso\/","og_locale":"pt_BR","og_type":"article","og_title":"Condi\u00e7\u00f5es Legais e Termos de Uso","og_description":"Revise as Condi\u00e7\u00f5es Legais e Termos de Uso da Cirion. Informa\u00e7\u00e3o chave sobre Direitos de Propriedade Intelectual e processos descritos no nosso site.","og_url":"https:\/\/www.ciriontechnologies.com\/pt-br\/recursos\/legal\/condicoes-termos-uso\/","og_site_name":"Cirion Technologies","article_modified_time":"2026-03-11T18:35:45+00:00","twitter_card":"summary_large_image","twitter_misc":{"Est. tempo de leitura":"3 minutos"},"schema":{"@context":"https:\/\/schema.org","@graph":[{"@type":"WebPage","@id":"https:\/\/www.ciriontechnologies.com\/pt-br\/recursos\/legal\/condicoes-termos-uso\/","url":"https:\/\/www.ciriontechnologies.com\/pt-br\/recursos\/legal\/condicoes-termos-uso\/","name":"Condi\u00e7\u00f5es Legais e Termos de Uso - Cirion Technologies","isPartOf":{"@id":"https:\/\/www.ciriontechnologies.com\/pt-br\/#website"},"datePublished":"2025-04-29T14:16:51+00:00","dateModified":"2026-03-11T18:35:45+00:00","description":"Revise as Condi\u00e7\u00f5es Legais e Termos de Uso da Cirion. Informa\u00e7\u00e3o chave sobre Direitos de Propriedade Intelectual e processos descritos no nosso site.","breadcrumb":{"@id":"https:\/\/www.ciriontechnologies.com\/pt-br\/recursos\/legal\/condicoes-termos-uso\/#breadcrumb"},"inLanguage":"pt-BR","potentialAction":[{"@type":"ReadAction","target":["https:\/\/www.ciriontechnologies.com\/pt-br\/recursos\/legal\/condicoes-termos-uso\/"]}]},{"@type":"BreadcrumbList","@id":"https:\/\/www.ciriontechnologies.com\/pt-br\/recursos\/legal\/condicoes-termos-uso\/#breadcrumb","itemListElement":[{"@type":"ListItem","position":1,"name":"Inicio","item":"https:\/\/www.ciriontechnologies.com\/pt-br\/"},{"@type":"ListItem","position":2,"name":"Recursos","item":"https:\/\/www.ciriontechnologies.com\/pt-br\/recursos\/"},{"@type":"ListItem","position":3,"name":"Legal","item":"https:\/\/www.ciriontechnologies.com\/pt-br\/recursos\/legal\/"},{"@type":"ListItem","position":4,"name":"Condi\u00e7\u00f5es Legais e Termos de Uso"}]},{"@type":"WebSite","@id":"https:\/\/www.ciriontechnologies.com\/pt-br\/#website","url":"https:\/\/www.ciriontechnologies.com\/pt-br\/","name":"Cirion Technologies","description":"Inspira el futuro","publisher":{"@id":"https:\/\/www.ciriontechnologies.com\/pt-br\/#organization"},"potentialAction":[{"@type":"SearchAction","target":{"@type":"EntryPoint","urlTemplate":"https:\/\/www.ciriontechnologies.com\/pt-br\/?s={search_term_string}"},"query-input":{"@type":"PropertyValueSpecification","valueRequired":true,"valueName":"search_term_string"}}],"inLanguage":"pt-BR"},{"@type":"Organization","@id":"https:\/\/www.ciriontechnologies.com\/pt-br\/#organization","name":"Cirion","alternateName":"Cirion","url":"https:\/\/www.ciriontechnologies.com\/pt-br\/","logo":{"@type":"ImageObject","inLanguage":"pt-BR","@id":"https:\/\/www.ciriontechnologies.com\/pt-br\/#\/schema\/logo\/image\/","url":"https:\/\/www.ciriontechnologies.com\/wp-content\/uploads\/2025\/04\/cirion_logo.svg","contentUrl":"https:\/\/www.ciriontechnologies.com\/wp-content\/uploads\/2025\/04\/cirion_logo.svg","width":256,"height":90,"caption":"Cirion"},"image":{"@id":"https:\/\/www.ciriontechnologies.com\/pt-br\/#\/schema\/logo\/image\/"}}]}},"_links":{"self":[{"href":"https:\/\/www.ciriontechnologies.com\/pt-br\/wp-json\/wp\/v2\/pages\/1119","targetHints":{"allow":["GET"]}}],"collection":[{"href":"https:\/\/www.ciriontechnologies.com\/pt-br\/wp-json\/wp\/v2\/pages"}],"about":[{"href":"https:\/\/www.ciriontechnologies.com\/pt-br\/wp-json\/wp\/v2\/types\/page"}],"author":[{"embeddable":true,"href":"https:\/\/www.ciriontechnologies.com\/pt-br\/wp-json\/wp\/v2\/users\/6"}],"replies":[{"embeddable":true,"href":"https:\/\/www.ciriontechnologies.com\/pt-br\/wp-json\/wp\/v2\/comments?post=1119"}],"version-history":[{"count":2,"href":"https:\/\/www.ciriontechnologies.com\/pt-br\/wp-json\/wp\/v2\/pages\/1119\/revisions"}],"predecessor-version":[{"id":16663,"href":"https:\/\/www.ciriontechnologies.com\/pt-br\/wp-json\/wp\/v2\/pages\/1119\/revisions\/16663"}],"up":[{"embeddable":true,"href":"https:\/\/www.ciriontechnologies.com\/pt-br\/wp-json\/wp\/v2\/pages\/2415"}],"wp:attachment":[{"href":"https:\/\/www.ciriontechnologies.com\/pt-br\/wp-json\/wp\/v2\/media?parent=1119"}],"curies":[{"name":"wp","href":"https:\/\/api.w.org\/{rel}","templated":true}]}}