{"id":991,"date":"2025-04-28T12:48:08","date_gmt":"2025-04-28T15:48:08","guid":{"rendered":"http:\/\/web3.ciriontechnologies.com\/?page_id=991"},"modified":"2026-03-10T15:54:04","modified_gmt":"2026-03-10T18:54:04","slug":"alianzas","status":"publish","type":"page","link":"https:\/\/www.ciriontechnologies.com\/es\/recursos\/alianzas\/","title":{"rendered":"Alianzas"},"content":{"rendered":"\t\t<div data-elementor-type=\"wp-page\" data-elementor-id=\"991\" class=\"elementor elementor-991\" data-elementor-post-type=\"page\">\n\t\t\t\t<div class=\"elementor-aria-enhanced elementor-element elementor-element-b9e3448 e-con-full e-flex e-con e-parent\" data-id=\"b9e3448\" data-element_type=\"container\" data-settings=\"{&quot;background_background&quot;:&quot;classic&quot;}\">\n\t\t\t\t<div class=\"elementor-aria-enhanced elementor-element elementor-element-a44e2ff elementor-widget-mobile__width-inherit elementor-widget elementor-widget-heading\" data-aria-manual=\"true\" data-widget-type=\"heading\" data-id=\"a44e2ff\" data-element_type=\"widget\" data-widget_type=\"heading.default\">\n\t\t\t\t\t<h1 class=\"elementor-heading-title elementor-size-default\">Alianzas Estrat\u00e9gicas\n<\/h1>\t\t\t\t<\/div>\n\t\t\t\t<div class=\"elementor-aria-enhanced elementor-element elementor-element-69fd503 elementor-widget__width-initial elementor-widget elementor-widget-heading\" data-aria-manual=\"true\" data-widget-type=\"heading\" data-id=\"69fd503\" data-element_type=\"widget\" data-widget_type=\"heading.default\">\n\t\t\t\t\t<h4 class=\"elementor-heading-title elementor-size-default\">Resuelve tus desaf\u00edos con nuestra red avanzada de socios tecnol\u00f3gicos<\/h4>\t\t\t\t<\/div>\n\t\t\t\t<\/div>\n\t\t<div class=\"elementor-aria-enhanced elementor-element elementor-element-2ec4218 e-flex e-con-boxed e-con e-parent\" data-id=\"2ec4218\" data-element_type=\"container\">\n\t\t\t\t\t<div class=\"e-con-inner\">\n\t\t\t\t<div class=\"elementor-aria-enhanced elementor-element elementor-element-64ad1bb elementor-widget__width-initial elementor-widget-mobile__width-inherit elementor-widget elementor-widget-text-editor\" data-id=\"64ad1bb\" data-element_type=\"widget\" data-widget_type=\"text-editor.default\">\n\t\t\t\t\t\t\t\t\t<p>A trav\u00e9s de nuestras alianzas estrat\u00e9gicas, que son parte fundamental del ecosistema de soluciones de Cirion, innovamos y desarrollamos soluciones junto con otros l\u00edderes tecnol\u00f3gicos para resolver complejos desaf\u00edos de TI.<\/p><p>El ritmo acelerado de innovaci\u00f3n en el que vivimos hace que las alianzas entre actores estrat\u00e9gicos sean claves para generar capacidades complementarias, sumar agilidad y eficiencia, permitiendo que nuestros clientes puedan enfocarse en la innovaci\u00f3n.<\/p>\t\t\t\t\t\t\t\t<\/div>\n\t\t\t\t\t<\/div>\n\t\t\t\t<\/div>\n\t\t<div class=\"elementor-aria-enhanced elementor-element elementor-element-c69c509 e-flex e-con-boxed e-con e-parent\" data-id=\"c69c509\" data-element_type=\"container\">\n\t\t\t\t\t<div class=\"e-con-inner\">\n\t\t\t\t<div class=\"elementor-aria-enhanced elementor-element elementor-element-1a3917b elementor-widget elementor-widget-heading\" data-aria-manual=\"true\" data-widget-type=\"heading\" data-id=\"1a3917b\" data-element_type=\"widget\" data-widget_type=\"heading.default\">\n\t\t\t\t\t<h3 class=\"elementor-heading-title elementor-size-default\">Conoce los l\u00edderes tecnol\u00f3gicos detr\u00e1s de<br> nuestra infraestructura\n<\/h3>\t\t\t\t<\/div>\n\t\t\t\t\t<\/div>\n\t\t\t\t<\/div>\n\t\t<div class=\"elementor-aria-enhanced elementor-element elementor-element-130a1db e-flex e-con-boxed e-con e-parent\" data-id=\"130a1db\" data-element_type=\"container\">\n\t\t\t\t\t<div class=\"e-con-inner\">\n\t\t\t\t<div class=\"elementor-aria-enhanced elementor-element elementor-element-3519612 elementor-widget elementor-widget-shortcode\" data-id=\"3519612\" data-element_type=\"widget\" data-widget_type=\"shortcode.default\">\n\t\t\t\t\t\t\t<div class=\"elementor-shortcode\">\t\t<div data-elementor-type=\"section\" data-elementor-id=\"10071\" class=\"elementor elementor-10071\" data-elementor-post-type=\"elementor_library\">\n\t\t\t<div class=\"elementor-aria-enhanced elementor-element elementor-element-62fa8d4 e-flex e-con-boxed e-con e-parent\" data-id=\"62fa8d4\" data-element_type=\"container\" loading=\"\">\n\t\t\t\t\t<div class=\"e-con-inner\">\n\t\t\t\t<div class=\"elementor-aria-enhanced elementor-element elementor-element-4107195 elementor-widget elementor-widget-image-carousel\" data-id=\"4107195\" data-element_type=\"widget\" data-settings=\"{&quot;slides_to_show&quot;:&quot;10&quot;,&quot;slides_to_scroll&quot;:&quot;1&quot;,&quot;navigation&quot;:&quot;none&quot;,&quot;image_spacing_custom&quot;:{&quot;unit&quot;:&quot;px&quot;,&quot;size&quot;:25,&quot;sizes&quot;:[]},&quot;slides_to_show_mobile&quot;:&quot;5&quot;,&quot;slides_to_scroll_mobile&quot;:&quot;1&quot;,&quot;image_spacing_custom_mobile&quot;:{&quot;unit&quot;:&quot;px&quot;,&quot;size&quot;:8,&quot;sizes&quot;:[]},&quot;autoplay&quot;:&quot;yes&quot;,&quot;autoplay_speed&quot;:5000,&quot;infinite&quot;:&quot;yes&quot;,&quot;speed&quot;:500,&quot;image_spacing_custom_tablet&quot;:{&quot;unit&quot;:&quot;px&quot;,&quot;size&quot;:&quot;&quot;,&quot;sizes&quot;:[]}}\" data-widget_type=\"image-carousel.default\">\n\t\t\t\t\t\t\t<div class=\"elementor-image-carousel-wrapper swiper\" role=\"region\" aria-roledescription=\"carousel\" aria-label=\"Carrusel de im\u00e1genes\" dir=\"ltr\">\n\t\t\t<div class=\"elementor-image-carousel swiper-wrapper\" aria-live=\"off\">\n\t\t\t\t\t\t\t\t<div class=\"swiper-slide\" role=\"group\" aria-roledescription=\"slide\" aria-label=\"1 de 14\"><figure class=\"swiper-slide-inner\"><img decoding=\"async\" class=\"swiper-slide-image\" src=\"https:\/\/www.ciriontechnologies.com\/wp-content\/uploads\/2025\/06\/cirion-alianzas-logo-nokia-200x100-1.svg\" alt=\"cirion-alianzas-logo-nokia-200x100-1\" \/><\/figure><\/div><div class=\"swiper-slide\" role=\"group\" aria-roledescription=\"slide\" aria-label=\"2 de 14\"><figure class=\"swiper-slide-inner\"><img decoding=\"async\" class=\"swiper-slide-image\" src=\"https:\/\/www.ciriontechnologies.com\/wp-content\/uploads\/2025\/06\/cirion-alianzas-logo-ciena-200x100-1.svg\" alt=\"cirion-alianzas-logo-ciena-200x100-1\" \/><\/figure><\/div><div class=\"swiper-slide\" role=\"group\" aria-roledescription=\"slide\" aria-label=\"3 de 14\"><figure class=\"swiper-slide-inner\"><img decoding=\"async\" class=\"swiper-slide-image\" src=\"https:\/\/www.ciriontechnologies.com\/wp-content\/uploads\/2025\/06\/cirion-alianzas-logo-infinera-200x100-1.svg\" alt=\"cirion-alianzas-logo-infinera-200x100-1\" \/><\/figure><\/div><div class=\"swiper-slide\" role=\"group\" aria-roledescription=\"slide\" aria-label=\"4 de 14\"><figure class=\"swiper-slide-inner\"><img decoding=\"async\" class=\"swiper-slide-image\" src=\"https:\/\/www.ciriontechnologies.com\/wp-content\/uploads\/2025\/06\/cirion-technologies-logo-juniper-200x100-1.svg\" alt=\"cirion-technologies-logo-juniper-200x100-1\" \/><\/figure><\/div><div class=\"swiper-slide\" role=\"group\" aria-roledescription=\"slide\" aria-label=\"5 de 14\"><figure class=\"swiper-slide-inner\"><img decoding=\"async\" class=\"swiper-slide-image\" src=\"https:\/\/www.ciriontechnologies.com\/wp-content\/uploads\/2025\/06\/cirion-alianzas-logo-cisco-200x100-1.svg\" alt=\"cirion-alianzas-logo-cisco-200x100-1\" \/><\/figure><\/div><div class=\"swiper-slide\" role=\"group\" aria-roledescription=\"slide\" aria-label=\"6 de 14\"><figure class=\"swiper-slide-inner\"><img decoding=\"async\" class=\"swiper-slide-image\" src=\"https:\/\/www.ciriontechnologies.com\/wp-content\/uploads\/2025\/06\/cirion-alianzas-logo-fortinet-200x100-1.svg\" alt=\"cirion-alianzas-logo-fortinet-200x100-1\" \/><\/figure><\/div><div class=\"swiper-slide\" role=\"group\" aria-roledescription=\"slide\" aria-label=\"7 de 14\"><figure class=\"swiper-slide-inner\"><img decoding=\"async\" class=\"swiper-slide-image\" src=\"https:\/\/www.ciriontechnologies.com\/wp-content\/uploads\/2025\/06\/cirion-technologies-data-center-ecosystem-radware-b-01.svg\" alt=\"cirion-technologies-data-center-ecosystem-radware-b-01\" \/><\/figure><\/div><div class=\"swiper-slide\" role=\"group\" aria-roledescription=\"slide\" aria-label=\"8 de 14\"><figure class=\"swiper-slide-inner\"><img decoding=\"async\" class=\"swiper-slide-image\" src=\"https:\/\/www.ciriontechnologies.com\/wp-content\/uploads\/2025\/06\/Cirion-Technologies-Partner-ADVA-200x100-01.svg\" alt=\"Cirion-Technologies-Partner-ADVA-200x100-01\" \/><\/figure><\/div><div class=\"swiper-slide\" role=\"group\" aria-roledescription=\"slide\" aria-label=\"9 de 14\"><figure class=\"swiper-slide-inner\"><img decoding=\"async\" class=\"swiper-slide-image\" src=\"https:\/\/www.ciriontechnologies.com\/wp-content\/uploads\/2025\/06\/cirion-alianzas-logo-lenovo-200x100-1.svg\" alt=\"cirion-alianzas-logo-lenovo-200x100-1\" \/><\/figure><\/div><div class=\"swiper-slide\" role=\"group\" aria-roledescription=\"slide\" aria-label=\"10 de 14\"><figure class=\"swiper-slide-inner\"><img decoding=\"async\" class=\"swiper-slide-image\" src=\"https:\/\/www.ciriontechnologies.com\/wp-content\/uploads\/2025\/06\/cirion-alianzas-logo-veritas-200x100-A.svg\" alt=\"cirion-alianzas-logo-veritas-200x100-A\" \/><\/figure><\/div><div class=\"swiper-slide\" role=\"group\" aria-roledescription=\"slide\" aria-label=\"11 de 14\"><figure class=\"swiper-slide-inner\"><img decoding=\"async\" class=\"swiper-slide-image\" src=\"https:\/\/www.ciriontechnologies.com\/wp-content\/uploads\/2025\/06\/Hewlett-Packard-scaled.png\" alt=\"Hewlett-Packard\" \/><\/figure><\/div><div class=\"swiper-slide\" role=\"group\" aria-roledescription=\"slide\" aria-label=\"12 de 14\"><figure class=\"swiper-slide-inner\"><img decoding=\"async\" class=\"swiper-slide-image\" src=\"https:\/\/www.ciriontechnologies.com\/wp-content\/uploads\/2025\/06\/cirion-technologies-logo-qwilt-200.webp\" alt=\"cirion-technologies-logo-qwilt-200\" \/><\/figure><\/div><div class=\"swiper-slide\" role=\"group\" aria-roledescription=\"slide\" aria-label=\"13 de 14\"><figure class=\"swiper-slide-inner\"><img decoding=\"async\" class=\"swiper-slide-image\" src=\"https:\/\/www.ciriontechnologies.com\/wp-content\/uploads\/2025\/06\/cirion-technologies-data-center-ecosystem-tata.svg\" alt=\"cirion-technologies-data-center-ecosystem-tata\" \/><\/figure><\/div><div class=\"swiper-slide\" role=\"group\" aria-roledescription=\"slide\" aria-label=\"14 de 14\"><figure class=\"swiper-slide-inner\"><img decoding=\"async\" class=\"swiper-slide-image\" src=\"https:\/\/www.ciriontechnologies.com\/wp-content\/uploads\/2025\/06\/cirion-alianzas-logo-dell-200x100-1.svg\" alt=\"cirion-alianzas-logo-dell-200x100-1\" \/><\/figure><\/div>\t\t\t<\/div>\n\t\t\t\t\t\t\t\n\t\t\t\t\t\t\t\t\t<\/div>\n\t\t\t\t\t\t<\/div>\n\t\t\t\t\t<\/div>\n\t\t\t\t<\/div>\n\t\t\t\t<\/div>\n\t\t<\/div>\n\t\t\t\t\t\t<\/div>\n\t\t\t\t\t<\/div>\n\t\t\t\t<\/div>\n\t\t\t\t<\/div>\n\t\t","protected":false},"excerpt":{"rendered":"<p>Alianzas Estrat\u00e9gicas Resuelve tus desaf\u00edos con nuestra red avanzada de socios tecnol\u00f3gicos A trav\u00e9s de nuestras alianzas estrat\u00e9gicas, que son parte fundamental del ecosistema de soluciones de Cirion, innovamos y desarrollamos soluciones junto con otros l\u00edderes tecnol\u00f3gicos para resolver complejos desaf\u00edos de TI. El ritmo acelerado de innovaci\u00f3n en el que vivimos hace que las [&hellip;]<\/p>\n","protected":false},"author":6,"featured_media":7349,"parent":807,"menu_order":0,"comment_status":"closed","ping_status":"closed","template":"elementor_header_footer","meta":{"_acf_changed":false,"_sitemap_exclude":false,"_sitemap_priority":"","_sitemap_frequency":"","footnotes":""},"class_list":["post-991","page","type-page","status-publish","has-post-thumbnail","hentry"],"acf":[],"yoast_head":"<!-- This site is optimized with the Yoast SEO Premium plugin v25.4 (Yoast SEO v26.7) - https:\/\/yoast.com\/wordpress\/plugins\/seo\/ -->\n<title>Alianzas Estrat\u00e9gicas - Cirion Technologies<\/title>\n<meta name=\"description\" content=\"Alianzas Estrat\u00e9gicas: innovamos y desarrollamos soluciones junto con otros l\u00edderes tecnol\u00f3gicos para resolver complejos desaf\u00edos de TI.\" \/>\n<meta name=\"robots\" content=\"index, follow, max-snippet:-1, max-image-preview:large, max-video-preview:-1\" \/>\n<link rel=\"canonical\" href=\"https:\/\/www.ciriontechnologies.com\/es\/recursos\/alianzas\/\" \/>\n<meta property=\"og:locale\" content=\"es_ES\" \/>\n<meta property=\"og:type\" content=\"article\" \/>\n<meta property=\"og:title\" content=\"Alianzas\" \/>\n<meta property=\"og:description\" content=\"Alianzas Estrat\u00e9gicas: innovamos y desarrollamos soluciones junto con otros l\u00edderes tecnol\u00f3gicos para resolver complejos desaf\u00edos de TI.\" \/>\n<meta property=\"og:url\" content=\"https:\/\/www.ciriontechnologies.com\/es\/recursos\/alianzas\/\" \/>\n<meta property=\"og:site_name\" content=\"Cirion Technologies\" \/>\n<meta property=\"article:modified_time\" content=\"2026-03-10T18:54:04+00:00\" \/>\n<meta property=\"og:image\" content=\"https:\/\/www.ciriontechnologies.com\/wp-content\/uploads\/2025\/06\/cirion-technologies-banner-sostenibilidad-desktop-1920x400-1.webp\" \/>\n\t<meta property=\"og:image:width\" content=\"1920\" \/>\n\t<meta property=\"og:image:height\" content=\"400\" \/>\n\t<meta property=\"og:image:type\" content=\"image\/webp\" \/>\n<meta name=\"twitter:card\" content=\"summary_large_image\" \/>\n<meta name=\"twitter:label1\" content=\"Tiempo de lectura\" \/>\n\t<meta name=\"twitter:data1\" content=\"10 minutos\" \/>\n<script type=\"application\/ld+json\" class=\"yoast-schema-graph\">{\"@context\":\"https:\/\/schema.org\",\"@graph\":[{\"@type\":\"WebPage\",\"@id\":\"https:\/\/www.ciriontechnologies.com\/es\/recursos\/alianzas\/\",\"url\":\"https:\/\/www.ciriontechnologies.com\/es\/recursos\/alianzas\/\",\"name\":\"Alianzas Estrat\u00e9gicas - Cirion Technologies\",\"isPartOf\":{\"@id\":\"https:\/\/www.ciriontechnologies.com\/es\/#website\"},\"primaryImageOfPage\":{\"@id\":\"https:\/\/www.ciriontechnologies.com\/es\/recursos\/alianzas\/#primaryimage\"},\"image\":{\"@id\":\"https:\/\/www.ciriontechnologies.com\/es\/recursos\/alianzas\/#primaryimage\"},\"thumbnailUrl\":\"https:\/\/www.ciriontechnologies.com\/wp-content\/uploads\/2025\/06\/cirion-technologies-banner-sostenibilidad-desktop-1920x400-1.webp\",\"datePublished\":\"2025-04-28T15:48:08+00:00\",\"dateModified\":\"2026-03-10T18:54:04+00:00\",\"description\":\"Alianzas Estrat\u00e9gicas: innovamos y desarrollamos soluciones junto con otros l\u00edderes tecnol\u00f3gicos para resolver complejos desaf\u00edos de TI.\",\"breadcrumb\":{\"@id\":\"https:\/\/www.ciriontechnologies.com\/es\/recursos\/alianzas\/#breadcrumb\"},\"inLanguage\":\"es\",\"potentialAction\":[{\"@type\":\"ReadAction\",\"target\":[\"https:\/\/www.ciriontechnologies.com\/es\/recursos\/alianzas\/\"]}]},{\"@type\":\"ImageObject\",\"inLanguage\":\"es\",\"@id\":\"https:\/\/www.ciriontechnologies.com\/es\/recursos\/alianzas\/#primaryimage\",\"url\":\"https:\/\/www.ciriontechnologies.com\/wp-content\/uploads\/2025\/06\/cirion-technologies-banner-sostenibilidad-desktop-1920x400-1.webp\",\"contentUrl\":\"https:\/\/www.ciriontechnologies.com\/wp-content\/uploads\/2025\/06\/cirion-technologies-banner-sostenibilidad-desktop-1920x400-1.webp\",\"width\":1920,\"height\":400,\"caption\":\"cirion technologies banner sostenibilidad desktop\"},{\"@type\":\"BreadcrumbList\",\"@id\":\"https:\/\/www.ciriontechnologies.com\/es\/recursos\/alianzas\/#breadcrumb\",\"itemListElement\":[{\"@type\":\"ListItem\",\"position\":1,\"name\":\"Inicio\",\"item\":\"https:\/\/www.ciriontechnologies.com\/es\/\"},{\"@type\":\"ListItem\",\"position\":2,\"name\":\"Recursos\",\"item\":\"https:\/\/www.ciriontechnologies.com\/es\/recursos\/\"},{\"@type\":\"ListItem\",\"position\":3,\"name\":\"Alianzas\"}]},{\"@type\":\"WebSite\",\"@id\":\"https:\/\/www.ciriontechnologies.com\/es\/#website\",\"url\":\"https:\/\/www.ciriontechnologies.com\/es\/\",\"name\":\"Cirion Technologies\",\"description\":\"Inspira el futuro\",\"publisher\":{\"@id\":\"https:\/\/www.ciriontechnologies.com\/es\/#organization\"},\"potentialAction\":[{\"@type\":\"SearchAction\",\"target\":{\"@type\":\"EntryPoint\",\"urlTemplate\":\"https:\/\/www.ciriontechnologies.com\/es\/?s={search_term_string}\"},\"query-input\":{\"@type\":\"PropertyValueSpecification\",\"valueRequired\":true,\"valueName\":\"search_term_string\"}}],\"inLanguage\":\"es\"},{\"@type\":\"Organization\",\"@id\":\"https:\/\/www.ciriontechnologies.com\/es\/#organization\",\"name\":\"Cirion\",\"alternateName\":\"Cirion\",\"url\":\"https:\/\/www.ciriontechnologies.com\/es\/\",\"logo\":{\"@type\":\"ImageObject\",\"inLanguage\":\"es\",\"@id\":\"https:\/\/www.ciriontechnologies.com\/es\/#\/schema\/logo\/image\/\",\"url\":\"https:\/\/www.ciriontechnologies.com\/wp-content\/uploads\/2025\/04\/cirion_logo.svg\",\"contentUrl\":\"https:\/\/www.ciriontechnologies.com\/wp-content\/uploads\/2025\/04\/cirion_logo.svg\",\"width\":256,\"height\":90,\"caption\":\"Cirion\"},\"image\":{\"@id\":\"https:\/\/www.ciriontechnologies.com\/es\/#\/schema\/logo\/image\/\"}}]}<\/script>\n<!-- \/ Yoast SEO Premium plugin. -->","yoast_head_json":{"title":"Alianzas Estrat\u00e9gicas - Cirion Technologies","description":"Alianzas Estrat\u00e9gicas: innovamos y desarrollamos soluciones junto con otros l\u00edderes tecnol\u00f3gicos para resolver complejos desaf\u00edos de TI.","robots":{"index":"index","follow":"follow","max-snippet":"max-snippet:-1","max-image-preview":"max-image-preview:large","max-video-preview":"max-video-preview:-1"},"canonical":"https:\/\/www.ciriontechnologies.com\/es\/recursos\/alianzas\/","og_locale":"es_ES","og_type":"article","og_title":"Alianzas","og_description":"Alianzas Estrat\u00e9gicas: innovamos y desarrollamos soluciones junto con otros l\u00edderes tecnol\u00f3gicos para resolver complejos desaf\u00edos de TI.","og_url":"https:\/\/www.ciriontechnologies.com\/es\/recursos\/alianzas\/","og_site_name":"Cirion Technologies","article_modified_time":"2026-03-10T18:54:04+00:00","og_image":[{"width":1920,"height":400,"url":"https:\/\/www.ciriontechnologies.com\/wp-content\/uploads\/2025\/06\/cirion-technologies-banner-sostenibilidad-desktop-1920x400-1.webp","type":"image\/webp"}],"twitter_card":"summary_large_image","twitter_misc":{"Tiempo de lectura":"10 minutos"},"schema":{"@context":"https:\/\/schema.org","@graph":[{"@type":"WebPage","@id":"https:\/\/www.ciriontechnologies.com\/es\/recursos\/alianzas\/","url":"https:\/\/www.ciriontechnologies.com\/es\/recursos\/alianzas\/","name":"Alianzas Estrat\u00e9gicas - Cirion Technologies","isPartOf":{"@id":"https:\/\/www.ciriontechnologies.com\/es\/#website"},"primaryImageOfPage":{"@id":"https:\/\/www.ciriontechnologies.com\/es\/recursos\/alianzas\/#primaryimage"},"image":{"@id":"https:\/\/www.ciriontechnologies.com\/es\/recursos\/alianzas\/#primaryimage"},"thumbnailUrl":"https:\/\/www.ciriontechnologies.com\/wp-content\/uploads\/2025\/06\/cirion-technologies-banner-sostenibilidad-desktop-1920x400-1.webp","datePublished":"2025-04-28T15:48:08+00:00","dateModified":"2026-03-10T18:54:04+00:00","description":"Alianzas Estrat\u00e9gicas: innovamos y desarrollamos soluciones junto con otros l\u00edderes tecnol\u00f3gicos para resolver complejos desaf\u00edos de TI.","breadcrumb":{"@id":"https:\/\/www.ciriontechnologies.com\/es\/recursos\/alianzas\/#breadcrumb"},"inLanguage":"es","potentialAction":[{"@type":"ReadAction","target":["https:\/\/www.ciriontechnologies.com\/es\/recursos\/alianzas\/"]}]},{"@type":"ImageObject","inLanguage":"es","@id":"https:\/\/www.ciriontechnologies.com\/es\/recursos\/alianzas\/#primaryimage","url":"https:\/\/www.ciriontechnologies.com\/wp-content\/uploads\/2025\/06\/cirion-technologies-banner-sostenibilidad-desktop-1920x400-1.webp","contentUrl":"https:\/\/www.ciriontechnologies.com\/wp-content\/uploads\/2025\/06\/cirion-technologies-banner-sostenibilidad-desktop-1920x400-1.webp","width":1920,"height":400,"caption":"cirion technologies banner sostenibilidad desktop"},{"@type":"BreadcrumbList","@id":"https:\/\/www.ciriontechnologies.com\/es\/recursos\/alianzas\/#breadcrumb","itemListElement":[{"@type":"ListItem","position":1,"name":"Inicio","item":"https:\/\/www.ciriontechnologies.com\/es\/"},{"@type":"ListItem","position":2,"name":"Recursos","item":"https:\/\/www.ciriontechnologies.com\/es\/recursos\/"},{"@type":"ListItem","position":3,"name":"Alianzas"}]},{"@type":"WebSite","@id":"https:\/\/www.ciriontechnologies.com\/es\/#website","url":"https:\/\/www.ciriontechnologies.com\/es\/","name":"Cirion Technologies","description":"Inspira el futuro","publisher":{"@id":"https:\/\/www.ciriontechnologies.com\/es\/#organization"},"potentialAction":[{"@type":"SearchAction","target":{"@type":"EntryPoint","urlTemplate":"https:\/\/www.ciriontechnologies.com\/es\/?s={search_term_string}"},"query-input":{"@type":"PropertyValueSpecification","valueRequired":true,"valueName":"search_term_string"}}],"inLanguage":"es"},{"@type":"Organization","@id":"https:\/\/www.ciriontechnologies.com\/es\/#organization","name":"Cirion","alternateName":"Cirion","url":"https:\/\/www.ciriontechnologies.com\/es\/","logo":{"@type":"ImageObject","inLanguage":"es","@id":"https:\/\/www.ciriontechnologies.com\/es\/#\/schema\/logo\/image\/","url":"https:\/\/www.ciriontechnologies.com\/wp-content\/uploads\/2025\/04\/cirion_logo.svg","contentUrl":"https:\/\/www.ciriontechnologies.com\/wp-content\/uploads\/2025\/04\/cirion_logo.svg","width":256,"height":90,"caption":"Cirion"},"image":{"@id":"https:\/\/www.ciriontechnologies.com\/es\/#\/schema\/logo\/image\/"}}]}},"_links":{"self":[{"href":"https:\/\/www.ciriontechnologies.com\/es\/wp-json\/wp\/v2\/pages\/991","targetHints":{"allow":["GET"]}}],"collection":[{"href":"https:\/\/www.ciriontechnologies.com\/es\/wp-json\/wp\/v2\/pages"}],"about":[{"href":"https:\/\/www.ciriontechnologies.com\/es\/wp-json\/wp\/v2\/types\/page"}],"author":[{"embeddable":true,"href":"https:\/\/www.ciriontechnologies.com\/es\/wp-json\/wp\/v2\/users\/6"}],"replies":[{"embeddable":true,"href":"https:\/\/www.ciriontechnologies.com\/es\/wp-json\/wp\/v2\/comments?post=991"}],"version-history":[{"count":3,"href":"https:\/\/www.ciriontechnologies.com\/es\/wp-json\/wp\/v2\/pages\/991\/revisions"}],"predecessor-version":[{"id":16635,"href":"https:\/\/www.ciriontechnologies.com\/es\/wp-json\/wp\/v2\/pages\/991\/revisions\/16635"}],"up":[{"embeddable":true,"href":"https:\/\/www.ciriontechnologies.com\/es\/wp-json\/wp\/v2\/pages\/807"}],"wp:featuredmedia":[{"embeddable":true,"href":"https:\/\/www.ciriontechnologies.com\/es\/wp-json\/wp\/v2\/media\/7349"}],"wp:attachment":[{"href":"https:\/\/www.ciriontechnologies.com\/es\/wp-json\/wp\/v2\/media?parent=991"}],"curies":[{"name":"wp","href":"https:\/\/api.w.org\/{rel}","templated":true}]}}