{"id":2217,"date":"2025-05-12T15:35:23","date_gmt":"2025-05-12T18:35:23","guid":{"rendered":"http:\/\/web3.ciriontechnologies.com\/?page_id=2217"},"modified":"2026-03-10T15:49:24","modified_gmt":"2026-03-10T18:49:24","slug":"politica-de-uso-aceptable","status":"publish","type":"page","link":"https:\/\/www.ciriontechnologies.com\/es\/politica-de-uso-aceptable\/","title":{"rendered":"Pol\u00edtica de uso aceptable"},"content":{"rendered":"\t\t<div data-elementor-type=\"wp-page\" data-elementor-id=\"2217\" class=\"elementor elementor-2217\" data-elementor-post-type=\"page\">\n\t\t\t\t<div class=\"elementor-aria-enhanced elementor-element elementor-element-f279294 e-flex e-con-boxed e-con e-parent\" data-id=\"f279294\" data-element_type=\"container\" data-e-type=\"container\">\n\t\t\t\t\t<div class=\"e-con-inner\">\n\t\t\t\t<div class=\"elementor-aria-enhanced elementor-element elementor-element-1a7a5e2 elementor-widget elementor-widget-heading\" data-aria-manual=\"true\" data-widget-type=\"heading\" data-id=\"1a7a5e2\" data-element_type=\"widget\" data-e-type=\"widget\" data-widget_type=\"heading.default\">\n\t\t\t\t\t<h1 class=\"elementor-heading-title elementor-size-default\">Pol\u00edtica de uso aceptable de Cirion<\/h1>\t\t\t\t<\/div>\n\t\t\t\t\t<\/div>\n\t\t\t\t<\/div>\n\t\t<div class=\"elementor-aria-enhanced elementor-element elementor-element-6c14127 e-flex e-con-boxed e-con e-parent\" data-id=\"6c14127\" data-element_type=\"container\" data-e-type=\"container\">\n\t\t\t\t\t<div class=\"e-con-inner\">\n\t\t\t\t<div class=\"elementor-aria-enhanced elementor-element elementor-element-36ed0e8 elementor-widget elementor-widget-text-editor\" data-id=\"36ed0e8\" data-element_type=\"widget\" data-e-type=\"widget\" data-widget_type=\"text-editor.default\">\n\t\t\t\t\t\t\t\t\t<h3>Vigente a partir de junio de 2025<\/h3><blockquote><p>En esta Pol\u00edtica de uso aceptable (\u201cPUA\u201d), se definen las pr\u00e1cticas aceptables sobre el uso de la red, los sitios web, los sistemas, las instalaciones, los productos y los servicios de Cirion (en conjunto, los \u201cServicios\u201d) por parte de los clientes de Cirion y usuarios que accedan a los Servicios a trav\u00e9s de cuentas de cliente (en conjunto, los \u201cUsuarios\u201d). Los Servicios se deben usar de acuerdo con su finalidad prevista y las condiciones del acuerdo de Cirion correspondiente. Si usan los Servicios, los Usuarios aceptan someterse a las condiciones de esta PUA. A los efectos de la presente PUA, \u201cCirion\u201d incluye a todas las empresas afiliadas, incluso las subsidiarias directas e indirectas de Cirion Technologies Solutions, LLC.<\/p><\/blockquote><h3>Conductas prohibidas<\/h3><ul><li style=\"list-style-type: none;\"><ul><li style=\"list-style-type: none;\"><ul><li>General. Los Usuarios no usar\u00e1n los Servicios para transmitir, distribuir o almacenar el material de forma tal que: (a) infrinja leyes o disposiciones pertinentes; (b) perjudique los Servicios o a los Usuarios; (c) pueda exponer a Cirion a responsabilidades penales o civiles; o (d) vulnere, infrinja o se apropie indebidamente de los derechos de terceros, incluso los derechos de propiedad intelectual, los derechos de publicidad y los derechos de privacidad. Los Usuarios tienen prohibido facilitar la infracci\u00f3n de cualquier parte de esta PUA o las pol\u00edticas de terceros pertinentes, incluso la transmisi\u00f3n, distribuci\u00f3n o puesta a disposici\u00f3n de cualquier producto o servicio que infrinja esta PUA o la pol\u00edtica de otro proveedor.<\/li><li>Contenido indecoroso. Los Usuarios no usar\u00e1n los Servicios para transmitir, distribuir o almacenar material que Cirion determine, de manera razonable, indecoroso, obsceno, indecente, difamatorio, calumnioso, agraviante, amenazante, abusivo, odioso o excesivamente violento. Los Usuarios no usar\u00e1n los Servicios para hospedar sitios web relacionados con actividades terroristas, incluyendo sitios que promuevan la violencia contra humanos y los delitos de odio por religi\u00f3n, etnicidad o pa\u00eds de origen.<\/li><li>Propiedad intelectual. El material al que se pueda acceder desde los Servicios puede estar protegido por derechos personales, de privacidad, de publicidad y de propiedad intelectual, incluidos derechos de autor y leyes que protejan patentes, marcas comerciales, secretos comerciales u otra informaci\u00f3n confidencial. Los Usuarios no usar\u00e1n los Servicios de forma tal que infrinjan, perjudiquen, se apropien indebidamente o vulneren de alg\u00fan modo cualquiera de esos derechos. Si se usa un nombre de dominio con uno de los Servicios, no debe infringir la marca comercial, la marca de servicio u otros derechos de terceros.<\/li><li>Contenido nocivo. Los Usuarios no usar\u00e1n los Servicios para transmitir, distribuir o almacenar material que sea nocivo para los Servicios o las redes, los sistemas, los servicios y los sitios web de terceros, o interfiera con ellos. El contenido nocivo y prohibido incluye, entre otros, virus, gusanos, troyanos, rootkits, descifradores de contrase\u00f1as, adware y registradores de pulsaciones de teclas.<\/li><li>Contenido fraudulento o enga\u00f1oso. Los Usuarios no usar\u00e1n los Servicios para transmitir o distribuir material que contenga ofertas fraudulentas de productos o servicios, o material publicitario o promocional que contenga informaci\u00f3n, declaraciones o representaciones falsas, enga\u00f1osas o desleales. Adem\u00e1s, los Usuarios tienen prohibido enviar datos falsos o inexactos en formularios de pedidos, contratos o solicitudes online, lo que incluye el uso fraudulento de tarjetas de cr\u00e9dito.<\/li><li>Correos electr\u00f3nicos y mensajes no solicitados. Los Usuarios no usar\u00e1n los Servicios para (i) transmitir mensajes no solicitados por correo electr\u00f3nico, incluyendo correos electr\u00f3nicos masivos no solicitados, cuando dichos correos sean capaces, de manera razonable, de dar lugar a reclamos ni (ii) enviar mensajes por correo electr\u00f3nico que sean excesivos o est\u00e9n destinados a hostigar o molestar a otros (\u201cCorreo no deseado\u201d). Adem\u00e1s, los Usuarios no pueden usar el servicio de otro proveedor para enviar Correo no deseado a fin de publicitar un sitio hospedado en los Servicios o conectado a ellos. Los Usuarios tampoco pueden usar los Servicios para (a) continuar con el env\u00edo de mensajes por correo electr\u00f3nico a un destinatario que haya indicado su voluntad de no recibirlos, (b) enviar correos electr\u00f3nicos con datos falsos en el encabezado del paquete TCP\/IP, (c) enviar correos electr\u00f3nicos malintencionados, como \u201cbombas de correo\u201d, (d) enviar o recibir mensajes de correo electr\u00f3nico de forma tal que infrinjan las pol\u00edticas de uso de cualquier proveedor de servicios de Internet o (e) usar una casilla de correo electr\u00f3nico como espacio de almacenamiento de datos o para inscripciones en servicios personales o externos no autorizados.<\/li><li>Normas de terceros. Los usuarios no usar\u00e1n los Servicios contra las normas, pautas o acuerdos de motores de b\u00fasqueda, servicios web de suscripci\u00f3n, \u00e1reas de chat, paneles de anuncios, p\u00e1ginas web u otros servicios que se accedan a trav\u00e9s de los Servicios.<\/li><li>Comportamientos improcedentes. Los usuarios no usar\u00e1n los Servicios para llevar a cabo actividades que sean da\u00f1inas o interfieran con los Servicios, la sesi\u00f3n del terminal de un Usuario o las redes, los sistemas, los servicios y los sitios web de terceros. Los Usuarios no participar\u00e1n en actividades dise\u00f1adas para hostigar o que impidan el uso del Servicio por parte de cualquier Usuario de la red de Cirion o la red de otro proveedor, o interfieran con dicho uso (p. ej., ataques sincronizados de n\u00famero de secuencia). Adem\u00e1s, los Usuarios no usar\u00e1n el Servicio (a) por ning\u00fan medio o dispositivo para evitar pagos; (b) para acceder a la cuenta de un Usuario o a Servicios de Cirion despu\u00e9s de que el Usuario haya cancelado su cuenta; (c) en nombre de personas o empresas incluidas en la base de datos del Registro de Operaciones de Spam Conocidas de Spamhaus que se encuentra en www.spamhaus.org; o (d) para participar en actividades de suplantaci\u00f3n de identidad (phishing). Los Usuarios no usar\u00e1n el Servicio para participar en actividades que interfieran con la capacidad de otras personas de acceder al Servicio o a Internet, o de usarlos.<\/li><li>Uso il\u00edcito: El cliente no usar\u00e1 los Servicios de manera tal que constituya actividades il\u00edcitas, como amenazas de muerte, amenazas terroristas, amenazas de lesiones a otras personas, estrategias de marketing multi-nivel, programas de inversiones de alta rentabilidad o esquemas Ponzi, invasi\u00f3n a la privacidad, fraudes con tarjetas de cr\u00e9dito, chantajes, difamaci\u00f3n, calumnia, acoso, pornograf\u00eda infantil o infracciones a la Ley de Protecci\u00f3n Infantil aplicable.<\/li><li>Violaciones y obligaciones de seguridad. Los Usuarios tienen prohibido vulnerar o tratar de vulnerar la seguridad de los Servicios o las computadoras, las cuentas o las redes de terceros, lo que incluye la evasi\u00f3n de la autenticaci\u00f3n del usuario o de la seguridad de cualquier host, red o cuenta. Los Usuarios no usar\u00e1n los Servicios para provocar violaciones de seguridad o disrupciones en las comunicaciones o la conectividad de Internet, compartir credenciales de acceso o utilizar credenciales de terceros, utilizar redes p\u00fablicas o no seguras para acceder a informaci\u00f3n corporativa sin la protecci\u00f3n adecuada, instalar software no autorizado o conectar dispositivos personales sin permiso y almacenar informaci\u00f3n sensible en servicios de nube sin aprobaci\u00f3n previa. Entre las violaciones de seguridad, se incluyen acciones como acceder, modificar o compartir datos, cuentas o sistemas sin autorizaci\u00f3n; las conexiones a servidores o cuentas que el Cliente no est\u00e1 autorizado a acceder de forma expresa; y los ataques de denegaci\u00f3n de servicio. Las disrupciones incluyen escaneos de puertos, saturaciones de ping, bombas de correos, suplantaciones de identidad de paquetes, suplantaciones de identidad de IP y falsificaciones de la informaci\u00f3n de enrutamiento. El Cliente debe tomar medidas razonables para mantener actualizado su software en los servidores de Cirion y asegurarse de contar con las \u00faltimas actualizaciones de seguridad.<\/li><li>Asignaci\u00f3n de IP. Los Usuarios no pueden usar direcciones IP que no se hayan asignado para su uso o que se encuentren en redes VLAN o servidores no asignados. Todas las direcciones IP son propiedad de Cirion y est\u00e1n reservadas para Cirion, y no son transferibles. El Cliente no tiene derecho de propiedad o transferencia.<\/li><\/ul><\/li><\/ul><\/li><\/ul><h3>Seguridad y Privacidad<\/h3><ul><li>\u00a0Los usuarios deben mantener contrase\u00f1as seguras y confidenciales.<\/li><li>Se recomienda el uso de autenticaci\u00f3n multifactor siempre que est\u00e9 disponible.<\/li><\/ul><h3>Responsabilidades del Usuario<\/h3><ul><li>Los Usuarios deben configurar sus propios sistemas para proporcionar el mayor grado de responsabilidad posible. Cirion no ser\u00e1 responsable de los da\u00f1os que produzcan las configuraciones del sistema, por m\u00e1s que Cirion haya autorizado o solicitado dichas configuraciones. Por ejemplo, los Usuarios deben asegurarse de que haya recursos claros en los encabezados de noticias para poder identificar a la persona responsable de una publicaci\u00f3n. Los Usuarios tambi\u00e9n deben configurar sus Agentes de Transporte de Correo (MTA, por sus siglas en ingl\u00e9s) para autenticar (mediante la b\u00fasqueda del nombre o procedimientos similares) cualquier sistema que se conecte con el objetivo de llevar a cabo intercambios de correos. Adem\u00e1s, los datos del encabezado deben ser lo m\u00e1s claros posible. A modo de otro ejemplo, los Usuarios deben llevar un registro de las direcciones IP asignadas din\u00e1micamente. Son responsables de conocer, como m\u00ednimo, las medidas de seguridad b\u00e1sicas y configurar sus sistemas de manera acorde. Si se vulnera el sistema del sitio de un Usuario, este debe notificar lo sucedido y reparar el sistema vulnerado. Por ejemplo, si se hace uso indebido de un sitio para distribuir software sin licencia a ra\u00edz de un servidor de protocolo de transferencia de archivos (FTP, por sus siglas en ingl\u00e9s) mal configurado, el Usuario es responsable de volver a configurar el sistema para detener el uso indebido.<\/li><li>Proteger credenciales de acceso e informaci\u00f3n confidencial.<\/li><li>Reportar de inmediato cualquier incidente de seguridad relacionado con el uso de los servicios o activos provistos por la empresa, a trav\u00e9s del canal designado.<\/li><li>Cumplir con las directrices de esta pol\u00edtica y con las obligaciones de seguridad acordadas contractualmente con la empresa.<\/li><\/ul><h3>Derechos de Cirion<\/h3><ul><li style=\"list-style-type: none;\"><ul><li style=\"list-style-type: none;\"><ul><li>Cirion puede suspender o cancelar el Servicio de los Usuarios que, a criterio de Cirion, hayan infringido alguno de los elementos de esta PUA. Cirion suspender\u00e1 el Servicio por infracci\u00f3n a la PUA en el sentido m\u00e1s limitado posible mientras determina que sea razonablemente pr\u00e1ctico, en virtud de las circunstancias, abordar la infracci\u00f3n subyacente. Cirion intentar\u00e1 notificar a los Usuarios por correo electr\u00f3nico u otro m\u00e9todo antes de suspender el Servicio por infringir la PUA. Sin embargo, Cirion puede suspender el Servicio sin aviso si descubre que se infringieron leyes, normas o actividades pertinentes, como infracciones a la PUA que expongan a Cirion a responsabilidades penales o civiles o que pongan en peligro la red de Cirion o la red o la propiedad de los clientes de Cirion. Entre los peligros a la red, se incluye el riesgo de que las direcciones IP terminen en listas de bloqueo. Cirion puede tomar las medidas que considere necesarias seg\u00fan las circunstancias para eliminar o impedir la reincidencia de infracciones.<\/li><li>Cirion se reserva el derecho de quitar cualquier material (o bloquear su acceso) creado o accesible a trav\u00e9s de los Servicios, y suspender o cancelar a los Usuarios que creen, almacenen o divulguen dicho material cuando Cirion descubra que el material infringe esta PUA o expone a Cirion a responsabilidades penales o civiles, incluso leyes de derecho de autor pertinentes. Cirion se reserva el derecho de tomar las medidas necesarias para proteger las disposiciones de la Ley de Derechos de Autor aplicable.<\/li><li>Cirion se reserva el derecho de cooperar con autoridades judiciales y terceros durante la investigaci\u00f3n de supuestas infracciones relacionadas con esta PUA, lo que incluye la divulgaci\u00f3n de la identidad del Usuario que Cirion considere responsable de dicha infracci\u00f3n. Por hacer uso de los derechos en virtud de esta PUA, Cirion no es responsable de ning\u00fan tipo de da\u00f1o que sufran tanto el Usuario como terceros.<\/li><li>Cirion se reserva el derecho de instalar y usar, o de solicitar que usted instale y use, los dispositivos pertinentes para evitar infracciones a esta pol\u00edtica, incluyendo los dispositivos dise\u00f1ados para filtrar o cancelar el acceso al Servicio. Cuando aceptan y usan el Servicio, los Usuarios autorizan a Cirion a recopilar informaci\u00f3n del servicio y del enrutamiento seg\u00fan nuestras pr\u00e1cticas comerciales habituales. Tambi\u00e9n autorizan a usar dicha informaci\u00f3n para fines comerciales generales. Los Usuarios no pueden usar el Servicio para monitorear datos, informaci\u00f3n o comunicaciones en ninguna red o sistema sin autorizaci\u00f3n. Los Usuarios no deben intentar obtener acceso no autorizado a cuentas o contrase\u00f1as de otros Usuarios.<\/li><li>En la mayor\u00eda de los casos, Cirion notificar\u00e1 a los Usuarios cuando reciba reclamos sobre supuestas infracciones a esta pol\u00edtica. Usted acepta investigar de forma oportuna todos los reclamos y tomar las medidas necesarias para remediar cualquier infracci\u00f3n a esta pol\u00edtica. Cirion puede informarle al reclamante que usted est\u00e1 investigando el reclamo y compartir la informaci\u00f3n necesaria para que pueda comunicarse directamente con usted a fin de encontrar una soluci\u00f3n. Debe indicar un representante encargado de recibir estas comunicaciones.<\/li><li>Cirion se reserva el derecho de modificar esta PUA a su discreci\u00f3n y en cualquier momento. Las modificaciones tendr\u00e1n vigencia cuando se publiquen. Si se usan los Servicios despu\u00e9s de implementar las modificaciones, se entender\u00e1 que el Usuario las acepta.<\/li><\/ul><\/li><\/ul><\/li><\/ul><h3>Monitorie y Auditor\u00eda<\/h3><ul><li>La empresa puede monitorear el uso de los recursos de TI, respetando la legislaci\u00f3n vigente.<\/li><li>Los registros de accesos (logs) pueden ser revisados.<\/li><li>El uso de los sistemas corporativos implica la aceptaci\u00f3n del monitoreo.<\/li><\/ul><h3>Responsabilidad del contenido<\/h3><p>Cirion no se hace responsable de ning\u00fan material creado o accesible a trav\u00e9s de los Servicios y no llevar\u00e1 a cabo actividades editoriales para controlarlo. Cirion no tiene obligaci\u00f3n de monitorear dicho material, pero se reserva el derecho de hacerlo.<\/p>\t\t\t\t\t\t\t\t<\/div>\n\t\t\t\t\t<\/div>\n\t\t\t\t<\/div>\n\t\t\t\t<\/div>\n\t\t","protected":false},"excerpt":{"rendered":"<p>Pol\u00edtica de uso aceptable de Cirion Vigente a partir de junio de 2025 En esta Pol\u00edtica de uso aceptable (\u201cPUA\u201d), se definen las pr\u00e1cticas aceptables sobre el uso de la red, los sitios web, los sistemas, las instalaciones, los productos y los servicios de Cirion (en conjunto, los \u201cServicios\u201d) por parte de los clientes de [&hellip;]<\/p>\n","protected":false},"author":2,"featured_media":0,"parent":0,"menu_order":0,"comment_status":"closed","ping_status":"closed","template":"","meta":{"_acf_changed":false,"_sitemap_exclude":false,"_sitemap_priority":"","_sitemap_frequency":"","footnotes":""},"class_list":["post-2217","page","type-page","status-publish","hentry"],"acf":[],"yoast_head":"<!-- This site is optimized with the Yoast SEO Premium plugin v25.4 (Yoast SEO v27.1.1) - https:\/\/yoast.com\/product\/yoast-seo-premium-wordpress\/ -->\n<title>Pol\u00edtica de uso aceptable - Cirion Technologies<\/title>\n<meta name=\"description\" content=\"Pol\u00edtica de Uso Aceptable (PUA) de Cirion, vigente desde jun\/2025. Define pr\u00e1cticas para el uso de la red, sistemas y Servicios de Cirion por parte de nuestros clientes.\" \/>\n<meta name=\"robots\" content=\"index, follow, max-snippet:-1, max-image-preview:large, max-video-preview:-1\" \/>\n<link rel=\"canonical\" href=\"https:\/\/www.ciriontechnologies.com\/es\/politica-de-uso-aceptable\/\" \/>\n<meta property=\"og:locale\" content=\"es_ES\" \/>\n<meta property=\"og:type\" content=\"article\" \/>\n<meta property=\"og:title\" content=\"Pol\u00edtica de uso aceptable\" \/>\n<meta property=\"og:description\" content=\"Pol\u00edtica de Uso Aceptable (PUA) de Cirion, vigente desde jun\/2025. Define pr\u00e1cticas para el uso de la red, sistemas y Servicios de Cirion por parte de nuestros clientes.\" \/>\n<meta property=\"og:url\" content=\"https:\/\/www.ciriontechnologies.com\/es\/politica-de-uso-aceptable\/\" \/>\n<meta property=\"og:site_name\" content=\"Cirion Technologies\" \/>\n<meta property=\"article:modified_time\" content=\"2026-03-10T18:49:24+00:00\" \/>\n<meta name=\"twitter:card\" content=\"summary_large_image\" \/>\n<meta name=\"twitter:label1\" content=\"Tiempo de lectura\" \/>\n\t<meta name=\"twitter:data1\" content=\"10 minutos\" \/>\n<script type=\"application\/ld+json\" class=\"yoast-schema-graph\">{\"@context\":\"https:\/\/schema.org\",\"@graph\":[{\"@type\":\"WebPage\",\"@id\":\"https:\/\/www.ciriontechnologies.com\/es\/politica-de-uso-aceptable\/\",\"url\":\"https:\/\/www.ciriontechnologies.com\/es\/politica-de-uso-aceptable\/\",\"name\":\"Pol\u00edtica de uso aceptable - Cirion Technologies\",\"isPartOf\":{\"@id\":\"https:\/\/www.ciriontechnologies.com\/es\/#website\"},\"datePublished\":\"2025-05-12T18:35:23+00:00\",\"dateModified\":\"2026-03-10T18:49:24+00:00\",\"description\":\"Pol\u00edtica de Uso Aceptable (PUA) de Cirion, vigente desde jun\/2025. Define pr\u00e1cticas para el uso de la red, sistemas y Servicios de Cirion por parte de nuestros clientes.\",\"breadcrumb\":{\"@id\":\"https:\/\/www.ciriontechnologies.com\/es\/politica-de-uso-aceptable\/#breadcrumb\"},\"inLanguage\":\"es\",\"potentialAction\":[{\"@type\":\"ReadAction\",\"target\":[\"https:\/\/www.ciriontechnologies.com\/es\/politica-de-uso-aceptable\/\"]}]},{\"@type\":\"BreadcrumbList\",\"@id\":\"https:\/\/www.ciriontechnologies.com\/es\/politica-de-uso-aceptable\/#breadcrumb\",\"itemListElement\":[{\"@type\":\"ListItem\",\"position\":1,\"name\":\"Inicio\",\"item\":\"https:\/\/www.ciriontechnologies.com\/es\/\"},{\"@type\":\"ListItem\",\"position\":2,\"name\":\"Pol\u00edtica de uso aceptable\"}]},{\"@type\":\"WebSite\",\"@id\":\"https:\/\/www.ciriontechnologies.com\/es\/#website\",\"url\":\"https:\/\/www.ciriontechnologies.com\/es\/\",\"name\":\"Cirion Technologies\",\"description\":\"Inspira el futuro\",\"publisher\":{\"@id\":\"https:\/\/www.ciriontechnologies.com\/es\/#organization\"},\"potentialAction\":[{\"@type\":\"SearchAction\",\"target\":{\"@type\":\"EntryPoint\",\"urlTemplate\":\"https:\/\/www.ciriontechnologies.com\/es\/?s={search_term_string}\"},\"query-input\":{\"@type\":\"PropertyValueSpecification\",\"valueRequired\":true,\"valueName\":\"search_term_string\"}}],\"inLanguage\":\"es\"},{\"@type\":\"Organization\",\"@id\":\"https:\/\/www.ciriontechnologies.com\/es\/#organization\",\"name\":\"Cirion\",\"alternateName\":\"Cirion\",\"url\":\"https:\/\/www.ciriontechnologies.com\/es\/\",\"logo\":{\"@type\":\"ImageObject\",\"inLanguage\":\"es\",\"@id\":\"https:\/\/www.ciriontechnologies.com\/es\/#\/schema\/logo\/image\/\",\"url\":\"https:\/\/www.ciriontechnologies.com\/wp-content\/uploads\/2025\/04\/cirion_logo.svg\",\"contentUrl\":\"https:\/\/www.ciriontechnologies.com\/wp-content\/uploads\/2025\/04\/cirion_logo.svg\",\"width\":256,\"height\":90,\"caption\":\"Cirion\"},\"image\":{\"@id\":\"https:\/\/www.ciriontechnologies.com\/es\/#\/schema\/logo\/image\/\"}}]}<\/script>\n<!-- \/ Yoast SEO Premium plugin. -->","yoast_head_json":{"title":"Pol\u00edtica de uso aceptable - Cirion Technologies","description":"Pol\u00edtica de Uso Aceptable (PUA) de Cirion, vigente desde jun\/2025. Define pr\u00e1cticas para el uso de la red, sistemas y Servicios de Cirion por parte de nuestros clientes.","robots":{"index":"index","follow":"follow","max-snippet":"max-snippet:-1","max-image-preview":"max-image-preview:large","max-video-preview":"max-video-preview:-1"},"canonical":"https:\/\/www.ciriontechnologies.com\/es\/politica-de-uso-aceptable\/","og_locale":"es_ES","og_type":"article","og_title":"Pol\u00edtica de uso aceptable","og_description":"Pol\u00edtica de Uso Aceptable (PUA) de Cirion, vigente desde jun\/2025. Define pr\u00e1cticas para el uso de la red, sistemas y Servicios de Cirion por parte de nuestros clientes.","og_url":"https:\/\/www.ciriontechnologies.com\/es\/politica-de-uso-aceptable\/","og_site_name":"Cirion Technologies","article_modified_time":"2026-03-10T18:49:24+00:00","twitter_card":"summary_large_image","twitter_misc":{"Tiempo de lectura":"10 minutos"},"schema":{"@context":"https:\/\/schema.org","@graph":[{"@type":"WebPage","@id":"https:\/\/www.ciriontechnologies.com\/es\/politica-de-uso-aceptable\/","url":"https:\/\/www.ciriontechnologies.com\/es\/politica-de-uso-aceptable\/","name":"Pol\u00edtica de uso aceptable - Cirion Technologies","isPartOf":{"@id":"https:\/\/www.ciriontechnologies.com\/es\/#website"},"datePublished":"2025-05-12T18:35:23+00:00","dateModified":"2026-03-10T18:49:24+00:00","description":"Pol\u00edtica de Uso Aceptable (PUA) de Cirion, vigente desde jun\/2025. Define pr\u00e1cticas para el uso de la red, sistemas y Servicios de Cirion por parte de nuestros clientes.","breadcrumb":{"@id":"https:\/\/www.ciriontechnologies.com\/es\/politica-de-uso-aceptable\/#breadcrumb"},"inLanguage":"es","potentialAction":[{"@type":"ReadAction","target":["https:\/\/www.ciriontechnologies.com\/es\/politica-de-uso-aceptable\/"]}]},{"@type":"BreadcrumbList","@id":"https:\/\/www.ciriontechnologies.com\/es\/politica-de-uso-aceptable\/#breadcrumb","itemListElement":[{"@type":"ListItem","position":1,"name":"Inicio","item":"https:\/\/www.ciriontechnologies.com\/es\/"},{"@type":"ListItem","position":2,"name":"Pol\u00edtica de uso aceptable"}]},{"@type":"WebSite","@id":"https:\/\/www.ciriontechnologies.com\/es\/#website","url":"https:\/\/www.ciriontechnologies.com\/es\/","name":"Cirion Technologies","description":"Inspira el futuro","publisher":{"@id":"https:\/\/www.ciriontechnologies.com\/es\/#organization"},"potentialAction":[{"@type":"SearchAction","target":{"@type":"EntryPoint","urlTemplate":"https:\/\/www.ciriontechnologies.com\/es\/?s={search_term_string}"},"query-input":{"@type":"PropertyValueSpecification","valueRequired":true,"valueName":"search_term_string"}}],"inLanguage":"es"},{"@type":"Organization","@id":"https:\/\/www.ciriontechnologies.com\/es\/#organization","name":"Cirion","alternateName":"Cirion","url":"https:\/\/www.ciriontechnologies.com\/es\/","logo":{"@type":"ImageObject","inLanguage":"es","@id":"https:\/\/www.ciriontechnologies.com\/es\/#\/schema\/logo\/image\/","url":"https:\/\/www.ciriontechnologies.com\/wp-content\/uploads\/2025\/04\/cirion_logo.svg","contentUrl":"https:\/\/www.ciriontechnologies.com\/wp-content\/uploads\/2025\/04\/cirion_logo.svg","width":256,"height":90,"caption":"Cirion"},"image":{"@id":"https:\/\/www.ciriontechnologies.com\/es\/#\/schema\/logo\/image\/"}}]}},"_links":{"self":[{"href":"https:\/\/www.ciriontechnologies.com\/es\/wp-json\/wp\/v2\/pages\/2217","targetHints":{"allow":["GET"]}}],"collection":[{"href":"https:\/\/www.ciriontechnologies.com\/es\/wp-json\/wp\/v2\/pages"}],"about":[{"href":"https:\/\/www.ciriontechnologies.com\/es\/wp-json\/wp\/v2\/types\/page"}],"author":[{"embeddable":true,"href":"https:\/\/www.ciriontechnologies.com\/es\/wp-json\/wp\/v2\/users\/2"}],"replies":[{"embeddable":true,"href":"https:\/\/www.ciriontechnologies.com\/es\/wp-json\/wp\/v2\/comments?post=2217"}],"version-history":[{"count":3,"href":"https:\/\/www.ciriontechnologies.com\/es\/wp-json\/wp\/v2\/pages\/2217\/revisions"}],"predecessor-version":[{"id":16632,"href":"https:\/\/www.ciriontechnologies.com\/es\/wp-json\/wp\/v2\/pages\/2217\/revisions\/16632"}],"wp:attachment":[{"href":"https:\/\/www.ciriontechnologies.com\/es\/wp-json\/wp\/v2\/media?parent=2217"}],"curies":[{"name":"wp","href":"https:\/\/api.w.org\/{rel}","templated":true}]}}