{"id":1111,"date":"2025-04-29T11:16:51","date_gmt":"2025-04-29T14:16:51","guid":{"rendered":"http:\/\/web3.ciriontechnologies.com\/?page_id=1111"},"modified":"2026-03-10T16:04:09","modified_gmt":"2026-03-10T19:04:09","slug":"terminos-y-condiciones-de-uso","status":"publish","type":"page","link":"https:\/\/www.ciriontechnologies.com\/es\/recursos\/legal\/terminos-y-condiciones-de-uso\/","title":{"rendered":"T\u00e9rminos y condiciones de uso"},"content":{"rendered":"\t\t<div data-elementor-type=\"wp-page\" data-elementor-id=\"1111\" class=\"elementor elementor-1111\" data-elementor-post-type=\"page\">\n\t\t\t\t<div class=\"elementor-aria-enhanced elementor-element elementor-element-81032f0 e-flex e-con-boxed e-con e-parent\" data-id=\"81032f0\" data-element_type=\"container\">\n\t\t\t\t\t<div class=\"e-con-inner\">\n\t\t\t\t<div class=\"elementor-aria-enhanced elementor-element elementor-element-a5774ab elementor-widget__width-inherit elementor-widget elementor-widget-heading\" data-aria-manual=\"true\" data-widget-type=\"heading\" data-id=\"a5774ab\" data-element_type=\"widget\" data-widget_type=\"heading.default\">\n\t\t\t\t\t<h1 class=\"elementor-heading-title elementor-size-default\">T\u00e9rminos y Condiciones de Uso<\/h1>\t\t\t\t<\/div>\n\t\t\t\t<div class=\"elementor-aria-enhanced elementor-element elementor-element-3846ff6 elementor-widget__width-inherit elementor-widget elementor-widget-text-editor\" data-id=\"3846ff6\" data-element_type=\"widget\" data-widget_type=\"text-editor.default\">\n\t\t\t\t\t\t\t\t\t<p><strong>Derechos de Propiedad Intelectual<\/strong><\/p><p>Los productos, la tecnolog\u00eda y\/o los procesos descritos en este sitio pueden ser objeto de derechos de propiedad intelectual reservados por Cirion u otros terceros. Ninguna de las disposiciones contenidas en el presente se interpretar\u00e1, ya sea impl\u00edcitamente, por exclusi\u00f3n, o de cualquier otro modo, como concedentes a su favor de derecho de licencia, titularidad, o propiedad alguno, de ning\u00fan derecho de propiedad Intelectual de Cirion o de cualquier tercero.<\/p><p><strong>Informaci\u00f3n sobre Marcas Registradas \/ de Servicio<\/strong><\/p><p>La compa\u00f1\u00eda ha presentado las correspondientes solicitudes para obtener el logotipo como su marca registrada en los Estados Unidos y\/o en otros pa\u00edses. Una vez aprobadas, estas marcas\/logos podr\u00e1n usarse p\u00fablicamente solo con la autorizaci\u00f3n previa de Cirion. El uso leg\u00edtimo o razonable de las marcas\/logos de Cirion para la publicidad y promoci\u00f3n de los servicios de Cirion requiere del reconocimiento apropiado. Las restantes marcas y marcas de servicio mencionadas en este sitio son propiedad de sus respectivos propietarios.<\/p><p><strong>Actualizaciones<\/strong><\/p><p>Los materiales publicados en este sitio pueden incluir inexactitudes t\u00e9cnicas o errores tipogr\u00e1ficos. Peri\u00f3dicamente, podr\u00e1n realizarse cambios en los materiales \u2013 estas modificaciones incluyen, entre otras, los precios cotizados. Cirion podr\u00e1 asimismo realizar mejoras y\/o cambios en los productos y servicios, y\/o en los programas descritos en los materiales en cualquier momento sin mediar notificaci\u00f3n. Cirion tendr\u00e1 el derecho de revisar estos T\u00e9rminos en cualquier momento mediante la actualizaci\u00f3n de esta publicaci\u00f3n. Al conectarse, acceder, explorar, y\/o utilizar este sitio, usted se compromete a aceptar dichas revisiones y por consiguiente deber\u00e1 visitar el sitio peri\u00f3dicamente para determinar los t\u00e9rminos vigentes a los cuales se comprometi\u00f3, en ese momento.<\/p><p><strong>Divulgaci\u00f3n: Declaraciones prospectivas<\/strong><\/p><p>Algunos de los materiales pueden contener proyecciones u otras declaraciones prospectivas relacionadas con eventos futuros, o con el desempe\u00f1o financiero o t\u00e9cnico futuro de Cirion. Es nuestra intenci\u00f3n advertir que estas declaraciones son solo predicciones y que los hechos o resultados reales pueden diferir sustancialmente.<\/p><p>Si bien tales proyecciones y dem\u00e1s declaraciones prospectivas son exactas al momento de su publicaci\u00f3n, dicha informaci\u00f3n se brinda solo con fines informativos y en la condici\u00f3n \u201ccomo est\u00e1\u201d sin garant\u00eda de ning\u00fan tipo. Cirion no formula declaraciones y se libera de cualquier garant\u00eda expresa, impl\u00edcita y establecida por ley de cualquier tipo para el usuario y\/o terceros, incluidas las garant\u00edas relacionadas con la exactitud, puntualidad, oportunidad; totalidad, comerciabilidad o aptitud para un prop\u00f3sito particular. Cirion no asume obligaci\u00f3n alguna de actualizar o garantizar la exactitud de las proyecciones y declaraciones prospectivas publicadas en el sitio. Cirion no ser\u00e1 responsable por los errores o demoras en la entrega de dicha informaci\u00f3n, provista a trav\u00e9s del Sitio o por las acciones tomadas sobre la base de las mismas.<\/p><p><strong>Pol\u00edtica de Uso Aceptable &amp; Pol\u00edtica de Privacidad<\/strong><\/p><p>La utilizaci\u00f3n que usted haga de este portal y de cualquier servicio de Cirion deber\u00e1 cumplir con la Pol\u00edtica de Uso Aceptable y con el Aviso de Privacidad de Cirion, cuyas copias est\u00e1n disponibles en el sitio web de Cirion en\u00a0<a href=\"https:\/\/www.ciriontechnologies.com\/\">www.ciriontechnologies.com<\/a>. Cirion le notificar\u00e1 las quejas recibidas por Cirion respecto de cada incidente sobre una supuesta violaci\u00f3n de la Pol\u00edtica de Uso Aceptable de Cirion, por usted o por terceros que hayan accedido a este portal o a cualquier servicio de Cirion a trav\u00e9s de usted. Por el presente usted se compromete a investigar dichas denuncias y tomar todas las acciones necesarias para remediar cualquier violaci\u00f3n real de la Pol\u00edtica de Uso Aceptable de Cirion.<\/p>\t\t\t\t\t\t\t\t<\/div>\n\t\t\t\t\t<\/div>\n\t\t\t\t<\/div>\n\t\t\t\t<\/div>\n\t\t","protected":false},"excerpt":{"rendered":"<p>T\u00e9rminos y Condiciones de Uso Derechos de Propiedad Intelectual Los productos, la tecnolog\u00eda y\/o los procesos descritos en este sitio pueden ser objeto de derechos de propiedad intelectual reservados por Cirion u otros terceros. Ninguna de las disposiciones contenidas en el presente se interpretar\u00e1, ya sea impl\u00edcitamente, por exclusi\u00f3n, o de cualquier otro modo, como [&hellip;]<\/p>\n","protected":false},"author":6,"featured_media":0,"parent":995,"menu_order":0,"comment_status":"closed","ping_status":"closed","template":"elementor_header_footer","meta":{"_acf_changed":false,"_sitemap_exclude":false,"_sitemap_priority":"","_sitemap_frequency":"","footnotes":""},"class_list":["post-1111","page","type-page","status-publish","hentry"],"acf":[],"yoast_head":"<!-- This site is optimized with the Yoast SEO Premium plugin v25.4 (Yoast SEO v26.7) - https:\/\/yoast.com\/wordpress\/plugins\/seo\/ -->\n<title>T\u00e9rminos y condiciones de uso - Cirion Technologies<\/title>\n<meta name=\"description\" content=\"Revise las Condiciones Legales y T\u00e9rminos de Uso de Cirion. Informaci\u00f3n clave sobre Derechos de Propiedad Intelectual, tecnolog\u00eda y procesos descritos en nuestro sitio web.\" \/>\n<meta name=\"robots\" content=\"index, follow, max-snippet:-1, max-image-preview:large, max-video-preview:-1\" \/>\n<link rel=\"canonical\" href=\"https:\/\/www.ciriontechnologies.com\/es\/recursos\/legal\/terminos-y-condiciones-de-uso\/\" \/>\n<meta property=\"og:locale\" content=\"es_ES\" \/>\n<meta property=\"og:type\" content=\"article\" \/>\n<meta property=\"og:title\" content=\"T\u00e9rminos y condiciones de uso\" \/>\n<meta property=\"og:description\" content=\"Revise las Condiciones Legales y T\u00e9rminos de Uso de Cirion. Informaci\u00f3n clave sobre Derechos de Propiedad Intelectual, tecnolog\u00eda y procesos descritos en nuestro sitio web.\" \/>\n<meta property=\"og:url\" content=\"https:\/\/www.ciriontechnologies.com\/es\/recursos\/legal\/terminos-y-condiciones-de-uso\/\" \/>\n<meta property=\"og:site_name\" content=\"Cirion Technologies\" \/>\n<meta property=\"article:modified_time\" content=\"2026-03-10T19:04:09+00:00\" \/>\n<meta name=\"twitter:card\" content=\"summary_large_image\" \/>\n<meta name=\"twitter:label1\" content=\"Tiempo de lectura\" \/>\n\t<meta name=\"twitter:data1\" content=\"3 minutos\" \/>\n<script type=\"application\/ld+json\" class=\"yoast-schema-graph\">{\"@context\":\"https:\/\/schema.org\",\"@graph\":[{\"@type\":\"WebPage\",\"@id\":\"https:\/\/www.ciriontechnologies.com\/es\/recursos\/legal\/terminos-y-condiciones-de-uso\/\",\"url\":\"https:\/\/www.ciriontechnologies.com\/es\/recursos\/legal\/terminos-y-condiciones-de-uso\/\",\"name\":\"T\u00e9rminos y condiciones de uso - Cirion Technologies\",\"isPartOf\":{\"@id\":\"https:\/\/www.ciriontechnologies.com\/es\/#website\"},\"datePublished\":\"2025-04-29T14:16:51+00:00\",\"dateModified\":\"2026-03-10T19:04:09+00:00\",\"description\":\"Revise las Condiciones Legales y T\u00e9rminos de Uso de Cirion. Informaci\u00f3n clave sobre Derechos de Propiedad Intelectual, tecnolog\u00eda y procesos descritos en nuestro sitio web.\",\"breadcrumb\":{\"@id\":\"https:\/\/www.ciriontechnologies.com\/es\/recursos\/legal\/terminos-y-condiciones-de-uso\/#breadcrumb\"},\"inLanguage\":\"es\",\"potentialAction\":[{\"@type\":\"ReadAction\",\"target\":[\"https:\/\/www.ciriontechnologies.com\/es\/recursos\/legal\/terminos-y-condiciones-de-uso\/\"]}]},{\"@type\":\"BreadcrumbList\",\"@id\":\"https:\/\/www.ciriontechnologies.com\/es\/recursos\/legal\/terminos-y-condiciones-de-uso\/#breadcrumb\",\"itemListElement\":[{\"@type\":\"ListItem\",\"position\":1,\"name\":\"Inicio\",\"item\":\"https:\/\/www.ciriontechnologies.com\/es\/\"},{\"@type\":\"ListItem\",\"position\":2,\"name\":\"Recursos\",\"item\":\"https:\/\/www.ciriontechnologies.com\/es\/recursos\/\"},{\"@type\":\"ListItem\",\"position\":3,\"name\":\"Legal\",\"item\":\"https:\/\/www.ciriontechnologies.com\/es\/recursos\/legal\/\"},{\"@type\":\"ListItem\",\"position\":4,\"name\":\"T\u00e9rminos y condiciones de uso\"}]},{\"@type\":\"WebSite\",\"@id\":\"https:\/\/www.ciriontechnologies.com\/es\/#website\",\"url\":\"https:\/\/www.ciriontechnologies.com\/es\/\",\"name\":\"Cirion Technologies\",\"description\":\"Inspira el futuro\",\"publisher\":{\"@id\":\"https:\/\/www.ciriontechnologies.com\/es\/#organization\"},\"potentialAction\":[{\"@type\":\"SearchAction\",\"target\":{\"@type\":\"EntryPoint\",\"urlTemplate\":\"https:\/\/www.ciriontechnologies.com\/es\/?s={search_term_string}\"},\"query-input\":{\"@type\":\"PropertyValueSpecification\",\"valueRequired\":true,\"valueName\":\"search_term_string\"}}],\"inLanguage\":\"es\"},{\"@type\":\"Organization\",\"@id\":\"https:\/\/www.ciriontechnologies.com\/es\/#organization\",\"name\":\"Cirion\",\"alternateName\":\"Cirion\",\"url\":\"https:\/\/www.ciriontechnologies.com\/es\/\",\"logo\":{\"@type\":\"ImageObject\",\"inLanguage\":\"es\",\"@id\":\"https:\/\/www.ciriontechnologies.com\/es\/#\/schema\/logo\/image\/\",\"url\":\"https:\/\/www.ciriontechnologies.com\/wp-content\/uploads\/2025\/04\/cirion_logo.svg\",\"contentUrl\":\"https:\/\/www.ciriontechnologies.com\/wp-content\/uploads\/2025\/04\/cirion_logo.svg\",\"width\":256,\"height\":90,\"caption\":\"Cirion\"},\"image\":{\"@id\":\"https:\/\/www.ciriontechnologies.com\/es\/#\/schema\/logo\/image\/\"}}]}<\/script>\n<!-- \/ Yoast SEO Premium plugin. -->","yoast_head_json":{"title":"T\u00e9rminos y condiciones de uso - Cirion Technologies","description":"Revise las Condiciones Legales y T\u00e9rminos de Uso de Cirion. Informaci\u00f3n clave sobre Derechos de Propiedad Intelectual, tecnolog\u00eda y procesos descritos en nuestro sitio web.","robots":{"index":"index","follow":"follow","max-snippet":"max-snippet:-1","max-image-preview":"max-image-preview:large","max-video-preview":"max-video-preview:-1"},"canonical":"https:\/\/www.ciriontechnologies.com\/es\/recursos\/legal\/terminos-y-condiciones-de-uso\/","og_locale":"es_ES","og_type":"article","og_title":"T\u00e9rminos y condiciones de uso","og_description":"Revise las Condiciones Legales y T\u00e9rminos de Uso de Cirion. Informaci\u00f3n clave sobre Derechos de Propiedad Intelectual, tecnolog\u00eda y procesos descritos en nuestro sitio web.","og_url":"https:\/\/www.ciriontechnologies.com\/es\/recursos\/legal\/terminos-y-condiciones-de-uso\/","og_site_name":"Cirion Technologies","article_modified_time":"2026-03-10T19:04:09+00:00","twitter_card":"summary_large_image","twitter_misc":{"Tiempo de lectura":"3 minutos"},"schema":{"@context":"https:\/\/schema.org","@graph":[{"@type":"WebPage","@id":"https:\/\/www.ciriontechnologies.com\/es\/recursos\/legal\/terminos-y-condiciones-de-uso\/","url":"https:\/\/www.ciriontechnologies.com\/es\/recursos\/legal\/terminos-y-condiciones-de-uso\/","name":"T\u00e9rminos y condiciones de uso - Cirion Technologies","isPartOf":{"@id":"https:\/\/www.ciriontechnologies.com\/es\/#website"},"datePublished":"2025-04-29T14:16:51+00:00","dateModified":"2026-03-10T19:04:09+00:00","description":"Revise las Condiciones Legales y T\u00e9rminos de Uso de Cirion. Informaci\u00f3n clave sobre Derechos de Propiedad Intelectual, tecnolog\u00eda y procesos descritos en nuestro sitio web.","breadcrumb":{"@id":"https:\/\/www.ciriontechnologies.com\/es\/recursos\/legal\/terminos-y-condiciones-de-uso\/#breadcrumb"},"inLanguage":"es","potentialAction":[{"@type":"ReadAction","target":["https:\/\/www.ciriontechnologies.com\/es\/recursos\/legal\/terminos-y-condiciones-de-uso\/"]}]},{"@type":"BreadcrumbList","@id":"https:\/\/www.ciriontechnologies.com\/es\/recursos\/legal\/terminos-y-condiciones-de-uso\/#breadcrumb","itemListElement":[{"@type":"ListItem","position":1,"name":"Inicio","item":"https:\/\/www.ciriontechnologies.com\/es\/"},{"@type":"ListItem","position":2,"name":"Recursos","item":"https:\/\/www.ciriontechnologies.com\/es\/recursos\/"},{"@type":"ListItem","position":3,"name":"Legal","item":"https:\/\/www.ciriontechnologies.com\/es\/recursos\/legal\/"},{"@type":"ListItem","position":4,"name":"T\u00e9rminos y condiciones de uso"}]},{"@type":"WebSite","@id":"https:\/\/www.ciriontechnologies.com\/es\/#website","url":"https:\/\/www.ciriontechnologies.com\/es\/","name":"Cirion Technologies","description":"Inspira el futuro","publisher":{"@id":"https:\/\/www.ciriontechnologies.com\/es\/#organization"},"potentialAction":[{"@type":"SearchAction","target":{"@type":"EntryPoint","urlTemplate":"https:\/\/www.ciriontechnologies.com\/es\/?s={search_term_string}"},"query-input":{"@type":"PropertyValueSpecification","valueRequired":true,"valueName":"search_term_string"}}],"inLanguage":"es"},{"@type":"Organization","@id":"https:\/\/www.ciriontechnologies.com\/es\/#organization","name":"Cirion","alternateName":"Cirion","url":"https:\/\/www.ciriontechnologies.com\/es\/","logo":{"@type":"ImageObject","inLanguage":"es","@id":"https:\/\/www.ciriontechnologies.com\/es\/#\/schema\/logo\/image\/","url":"https:\/\/www.ciriontechnologies.com\/wp-content\/uploads\/2025\/04\/cirion_logo.svg","contentUrl":"https:\/\/www.ciriontechnologies.com\/wp-content\/uploads\/2025\/04\/cirion_logo.svg","width":256,"height":90,"caption":"Cirion"},"image":{"@id":"https:\/\/www.ciriontechnologies.com\/es\/#\/schema\/logo\/image\/"}}]}},"_links":{"self":[{"href":"https:\/\/www.ciriontechnologies.com\/es\/wp-json\/wp\/v2\/pages\/1111","targetHints":{"allow":["GET"]}}],"collection":[{"href":"https:\/\/www.ciriontechnologies.com\/es\/wp-json\/wp\/v2\/pages"}],"about":[{"href":"https:\/\/www.ciriontechnologies.com\/es\/wp-json\/wp\/v2\/types\/page"}],"author":[{"embeddable":true,"href":"https:\/\/www.ciriontechnologies.com\/es\/wp-json\/wp\/v2\/users\/6"}],"replies":[{"embeddable":true,"href":"https:\/\/www.ciriontechnologies.com\/es\/wp-json\/wp\/v2\/comments?post=1111"}],"version-history":[{"count":3,"href":"https:\/\/www.ciriontechnologies.com\/es\/wp-json\/wp\/v2\/pages\/1111\/revisions"}],"predecessor-version":[{"id":16642,"href":"https:\/\/www.ciriontechnologies.com\/es\/wp-json\/wp\/v2\/pages\/1111\/revisions\/16642"}],"up":[{"embeddable":true,"href":"https:\/\/www.ciriontechnologies.com\/es\/wp-json\/wp\/v2\/pages\/995"}],"wp:attachment":[{"href":"https:\/\/www.ciriontechnologies.com\/es\/wp-json\/wp\/v2\/media?parent=1111"}],"curies":[{"name":"wp","href":"https:\/\/api.w.org\/{rel}","templated":true}]}}